{"id":4472,"date":"2024-03-11T15:27:17","date_gmt":"2024-03-11T14:27:17","guid":{"rendered":"https:\/\/www.hotelalexzermatt.com\/plaisir\/bodega-bacchus\/"},"modified":"2026-03-13T09:14:01","modified_gmt":"2026-03-13T08:14:01","slug":"bodega-bacchus","status":"publish","type":"page","link":"https:\/\/www.hotelalexzermatt.com\/fr\/plaisir\/bodega-bacchus\/","title":{"rendered":"Bodega Bacchus"},"content":{"rendered":"","protected":false},"excerpt":{"rendered":"","protected":false},"author":2,"featured_media":0,"parent":1734,"menu_order":0,"comment_status":"closed","ping_status":"closed","template":"page-templates\/page-eat-&-drink-bacchus.php","meta":{"_acf_changed":false,"footnotes":""},"class_list":["post-4472","page","type-page","status-publish","hentry"],"acf":[],"yoast_head":"<!-- This site is optimized with the Yoast SEO plugin v27.2 - https:\/\/yoast.com\/product\/yoast-seo-wordpress\/ -->\n<title>Bodega Bacchus \u2013 Alex Alpine Resort<\/title>\n<meta name=\"description\" content=\"D\u00e9couvrez la Bodega Bacchus \u00e0 l\u2019Alex Alpine Resort. Une cave \u00e0 vin exclusive pour des exp\u00e9riences gastronomiques priv\u00e9es.\" \/>\n<meta name=\"robots\" content=\"index, follow, max-snippet:-1, max-image-preview:large, max-video-preview:-1\" \/>\n<link rel=\"canonical\" href=\"https:\/\/www.hotelalexzermatt.com\/fr\/plaisir\/bodega-bacchus\/\" \/>\n<meta property=\"og:locale\" content=\"fr_FR\" \/>\n<meta property=\"og:type\" content=\"article\" \/>\n<meta property=\"og:title\" content=\"Bodega Bacchus \u2013 Alex Alpine Resort\" \/>\n<meta property=\"og:description\" content=\"D\u00e9couvrez la Bodega Bacchus \u00e0 l\u2019Alex Alpine Resort. Une cave \u00e0 vin exclusive pour des exp\u00e9riences gastronomiques priv\u00e9es.\" \/>\n<meta property=\"og:url\" content=\"https:\/\/www.hotelalexzermatt.com\/fr\/plaisir\/bodega-bacchus\/\" \/>\n<meta property=\"og:site_name\" content=\"Alex Alpine Resort\" \/>\n<meta property=\"article:modified_time\" content=\"2026-03-13T08:14:01+00:00\" \/>\n<meta name=\"twitter:card\" content=\"summary_large_image\" \/>\n<meta name=\"twitter:label1\" content=\"Dur\u00e9e de lecture estim\u00e9e\" \/>\n\t<meta name=\"twitter:data1\" content=\"3 minutes\" \/>\n<script type=\"application\/ld+json\" class=\"yoast-schema-graph\">{\"@context\":\"https:\/\/schema.org\",\"@graph\":[{\"@type\":\"WebPage\",\"@id\":\"https:\/\/www.hotelalexzermatt.com\/fr\/plaisir\/bodega-bacchus\/\",\"url\":\"https:\/\/www.hotelalexzermatt.com\/fr\/plaisir\/bodega-bacchus\/\",\"name\":\"Bodega Bacchus \u2013 Alex Alpine Resort\",\"isPartOf\":{\"@id\":\"https:\/\/www.hotelalexzermatt.com\/fr\/#website\"},\"datePublished\":\"2024-03-11T14:27:17+00:00\",\"dateModified\":\"2026-03-13T08:14:01+00:00\",\"description\":\"D\u00e9couvrez la Bodega Bacchus \u00e0 l\u2019Alex Alpine Resort. Une cave \u00e0 vin exclusive pour des exp\u00e9riences gastronomiques priv\u00e9es.\",\"breadcrumb\":{\"@id\":\"https:\/\/www.hotelalexzermatt.com\/fr\/plaisir\/bodega-bacchus\/#breadcrumb\"},\"inLanguage\":\"fr-FR\",\"potentialAction\":[{\"@type\":\"ReadAction\",\"target\":[\"https:\/\/www.hotelalexzermatt.com\/fr\/plaisir\/bodega-bacchus\/\"]}]},{\"@type\":\"BreadcrumbList\",\"@id\":\"https:\/\/www.hotelalexzermatt.com\/fr\/plaisir\/bodega-bacchus\/#breadcrumb\",\"itemListElement\":[{\"@type\":\"ListItem\",\"position\":1,\"name\":\"Home\",\"item\":\"https:\/\/www.hotelalexzermatt.com\/fr\/\"},{\"@type\":\"ListItem\",\"position\":2,\"name\":\"Plaisir\",\"item\":\"https:\/\/www.hotelalexzermatt.com\/fr\/plaisir\/\"},{\"@type\":\"ListItem\",\"position\":3,\"name\":\"Bodega Bacchus\"}]},{\"@type\":\"WebSite\",\"@id\":\"https:\/\/www.hotelalexzermatt.com\/fr\/#website\",\"url\":\"https:\/\/www.hotelalexzermatt.com\/fr\/\",\"name\":\"Alex Alpine Resort\",\"description\":\"(Staging)\",\"potentialAction\":[{\"@type\":\"SearchAction\",\"target\":{\"@type\":\"EntryPoint\",\"urlTemplate\":\"https:\/\/www.hotelalexzermatt.com\/fr\/?s={search_term_string}\"},\"query-input\":{\"@type\":\"PropertyValueSpecification\",\"valueRequired\":true,\"valueName\":\"search_term_string\"}}],\"inLanguage\":\"fr-FR\"}]}<\/script>\n<!-- \/ Yoast SEO plugin. -->","yoast_head_json":{"title":"Bodega Bacchus \u2013 Alex Alpine Resort","description":"D\u00e9couvrez la Bodega Bacchus \u00e0 l\u2019Alex Alpine Resort. Une cave \u00e0 vin exclusive pour des exp\u00e9riences gastronomiques priv\u00e9es.","robots":{"index":"index","follow":"follow","max-snippet":"max-snippet:-1","max-image-preview":"max-image-preview:large","max-video-preview":"max-video-preview:-1"},"canonical":"https:\/\/www.hotelalexzermatt.com\/fr\/plaisir\/bodega-bacchus\/","og_locale":"fr_FR","og_type":"article","og_title":"Bodega Bacchus \u2013 Alex Alpine Resort","og_description":"D\u00e9couvrez la Bodega Bacchus \u00e0 l\u2019Alex Alpine Resort. Une cave \u00e0 vin exclusive pour des exp\u00e9riences gastronomiques priv\u00e9es.","og_url":"https:\/\/www.hotelalexzermatt.com\/fr\/plaisir\/bodega-bacchus\/","og_site_name":"Alex Alpine Resort","article_modified_time":"2026-03-13T08:14:01+00:00","twitter_card":"summary_large_image","twitter_misc":{"Dur\u00e9e de lecture estim\u00e9e":"3 minutes"},"schema":{"@context":"https:\/\/schema.org","@graph":[{"@type":"WebPage","@id":"https:\/\/www.hotelalexzermatt.com\/fr\/plaisir\/bodega-bacchus\/","url":"https:\/\/www.hotelalexzermatt.com\/fr\/plaisir\/bodega-bacchus\/","name":"Bodega Bacchus \u2013 Alex Alpine Resort","isPartOf":{"@id":"https:\/\/www.hotelalexzermatt.com\/fr\/#website"},"datePublished":"2024-03-11T14:27:17+00:00","dateModified":"2026-03-13T08:14:01+00:00","description":"D\u00e9couvrez la Bodega Bacchus \u00e0 l\u2019Alex Alpine Resort. Une cave \u00e0 vin exclusive pour des exp\u00e9riences gastronomiques priv\u00e9es.","breadcrumb":{"@id":"https:\/\/www.hotelalexzermatt.com\/fr\/plaisir\/bodega-bacchus\/#breadcrumb"},"inLanguage":"fr-FR","potentialAction":[{"@type":"ReadAction","target":["https:\/\/www.hotelalexzermatt.com\/fr\/plaisir\/bodega-bacchus\/"]}]},{"@type":"BreadcrumbList","@id":"https:\/\/www.hotelalexzermatt.com\/fr\/plaisir\/bodega-bacchus\/#breadcrumb","itemListElement":[{"@type":"ListItem","position":1,"name":"Home","item":"https:\/\/www.hotelalexzermatt.com\/fr\/"},{"@type":"ListItem","position":2,"name":"Plaisir","item":"https:\/\/www.hotelalexzermatt.com\/fr\/plaisir\/"},{"@type":"ListItem","position":3,"name":"Bodega Bacchus"}]},{"@type":"WebSite","@id":"https:\/\/www.hotelalexzermatt.com\/fr\/#website","url":"https:\/\/www.hotelalexzermatt.com\/fr\/","name":"Alex Alpine Resort","description":"(Staging)","potentialAction":[{"@type":"SearchAction","target":{"@type":"EntryPoint","urlTemplate":"https:\/\/www.hotelalexzermatt.com\/fr\/?s={search_term_string}"},"query-input":{"@type":"PropertyValueSpecification","valueRequired":true,"valueName":"search_term_string"}}],"inLanguage":"fr-FR"}]}},"_links":{"self":[{"href":"https:\/\/www.hotelalexzermatt.com\/fr\/wp-json\/wp\/v2\/pages\/4472","targetHints":{"allow":["GET"]}}],"collection":[{"href":"https:\/\/www.hotelalexzermatt.com\/fr\/wp-json\/wp\/v2\/pages"}],"about":[{"href":"https:\/\/www.hotelalexzermatt.com\/fr\/wp-json\/wp\/v2\/types\/page"}],"author":[{"embeddable":true,"href":"https:\/\/www.hotelalexzermatt.com\/fr\/wp-json\/wp\/v2\/users\/2"}],"replies":[{"embeddable":true,"href":"https:\/\/www.hotelalexzermatt.com\/fr\/wp-json\/wp\/v2\/comments?post=4472"}],"version-history":[{"count":4,"href":"https:\/\/www.hotelalexzermatt.com\/fr\/wp-json\/wp\/v2\/pages\/4472\/revisions"}],"predecessor-version":[{"id":5283,"href":"https:\/\/www.hotelalexzermatt.com\/fr\/wp-json\/wp\/v2\/pages\/4472\/revisions\/5283"}],"up":[{"embeddable":true,"href":"https:\/\/www.hotelalexzermatt.com\/fr\/wp-json\/wp\/v2\/pages\/1734"}],"wp:attachment":[{"href":"https:\/\/www.hotelalexzermatt.com\/fr\/wp-json\/wp\/v2\/media?parent=4472"}],"curies":[{"name":"wp","href":"https:\/\/api.w.org\/{rel}","templated":true}]}}