{"id":1819,"date":"2023-10-19T13:21:07","date_gmt":"2023-10-19T11:21:07","guid":{"rendered":"https:\/\/www.hotelalexzermatt.com\/media-corner\/medienmitteilungen\/"},"modified":"2026-03-13T10:17:25","modified_gmt":"2026-03-13T09:17:25","slug":"communiques-de-presse","status":"publish","type":"page","link":"https:\/\/www.hotelalexzermatt.com\/fr\/coin-medias\/communiques-de-presse\/","title":{"rendered":"Communiqu\u00e9s de presse"},"content":{"rendered":"","protected":false},"excerpt":{"rendered":"","protected":false},"author":2,"featured_media":0,"parent":1813,"menu_order":0,"comment_status":"closed","ping_status":"closed","template":"page-templates\/page-media-corner-mediatexts.php","meta":{"_acf_changed":false,"footnotes":""},"class_list":["post-1819","page","type-page","status-publish","hentry"],"acf":[],"yoast_head":"<!-- This site is optimized with the Yoast SEO plugin v27.3 - https:\/\/yoast.com\/product\/yoast-seo-wordpress\/ -->\n<title>Communiqu\u00e9s de Presse \u2013 Alex Alpine Resort<\/title>\n<meta name=\"description\" content=\"Consultez les derniers communiqu\u00e9s de presse du Alex Alpine Resort. Restez inform\u00e9 de nos \u00e9v\u00e9nements et actualit\u00e9s.\" \/>\n<meta name=\"robots\" content=\"index, follow, max-snippet:-1, max-image-preview:large, max-video-preview:-1\" \/>\n<link rel=\"canonical\" href=\"https:\/\/www.hotelalexzermatt.com\/fr\/coin-medias\/communiques-de-presse\/\" \/>\n<meta property=\"og:locale\" content=\"fr_FR\" \/>\n<meta property=\"og:type\" content=\"article\" \/>\n<meta property=\"og:title\" content=\"Communiqu\u00e9s de Presse \u2013 Alex Alpine Resort\" \/>\n<meta property=\"og:description\" content=\"Consultez les derniers communiqu\u00e9s de presse du Alex Alpine Resort. Restez inform\u00e9 de nos \u00e9v\u00e9nements et actualit\u00e9s.\" \/>\n<meta property=\"og:url\" content=\"https:\/\/www.hotelalexzermatt.com\/fr\/coin-medias\/communiques-de-presse\/\" \/>\n<meta property=\"og:site_name\" content=\"Alex Alpine Resort\" \/>\n<meta property=\"article:modified_time\" content=\"2026-03-13T09:17:25+00:00\" \/>\n<meta name=\"twitter:card\" content=\"summary_large_image\" \/>\n<meta name=\"twitter:label1\" content=\"Dur\u00e9e de lecture estim\u00e9e\" \/>\n\t<meta name=\"twitter:data1\" content=\"1 minute\" \/>\n<script type=\"application\/ld+json\" class=\"yoast-schema-graph\">{\"@context\":\"https:\\\/\\\/schema.org\",\"@graph\":[{\"@type\":\"WebPage\",\"@id\":\"https:\\\/\\\/www.hotelalexzermatt.com\\\/fr\\\/coin-medias\\\/communiques-de-presse\\\/\",\"url\":\"https:\\\/\\\/www.hotelalexzermatt.com\\\/fr\\\/coin-medias\\\/communiques-de-presse\\\/\",\"name\":\"Communiqu\u00e9s de Presse \u2013 Alex Alpine Resort\",\"isPartOf\":{\"@id\":\"https:\\\/\\\/www.hotelalexzermatt.com\\\/fr\\\/#website\"},\"datePublished\":\"2023-10-19T11:21:07+00:00\",\"dateModified\":\"2026-03-13T09:17:25+00:00\",\"description\":\"Consultez les derniers communiqu\u00e9s de presse du Alex Alpine Resort. Restez inform\u00e9 de nos \u00e9v\u00e9nements et actualit\u00e9s.\",\"breadcrumb\":{\"@id\":\"https:\\\/\\\/www.hotelalexzermatt.com\\\/fr\\\/coin-medias\\\/communiques-de-presse\\\/#breadcrumb\"},\"inLanguage\":\"fr-FR\",\"potentialAction\":[{\"@type\":\"ReadAction\",\"target\":[\"https:\\\/\\\/www.hotelalexzermatt.com\\\/fr\\\/coin-medias\\\/communiques-de-presse\\\/\"]}]},{\"@type\":\"BreadcrumbList\",\"@id\":\"https:\\\/\\\/www.hotelalexzermatt.com\\\/fr\\\/coin-medias\\\/communiques-de-presse\\\/#breadcrumb\",\"itemListElement\":[{\"@type\":\"ListItem\",\"position\":1,\"name\":\"Home\",\"item\":\"https:\\\/\\\/www.hotelalexzermatt.com\\\/fr\\\/\"},{\"@type\":\"ListItem\",\"position\":2,\"name\":\"Coin M\u00e9dias\",\"item\":\"https:\\\/\\\/www.hotelalexzermatt.com\\\/fr\\\/coin-medias\\\/\"},{\"@type\":\"ListItem\",\"position\":3,\"name\":\"Communiqu\u00e9s de presse\"}]},{\"@type\":\"WebSite\",\"@id\":\"https:\\\/\\\/www.hotelalexzermatt.com\\\/fr\\\/#website\",\"url\":\"https:\\\/\\\/www.hotelalexzermatt.com\\\/fr\\\/\",\"name\":\"Alex Alpine Resort\",\"description\":\"(Staging)\",\"potentialAction\":[{\"@type\":\"SearchAction\",\"target\":{\"@type\":\"EntryPoint\",\"urlTemplate\":\"https:\\\/\\\/www.hotelalexzermatt.com\\\/fr\\\/?s={search_term_string}\"},\"query-input\":{\"@type\":\"PropertyValueSpecification\",\"valueRequired\":true,\"valueName\":\"search_term_string\"}}],\"inLanguage\":\"fr-FR\"}]}<\/script>\n<!-- \/ Yoast SEO plugin. -->","yoast_head_json":{"title":"Communiqu\u00e9s de Presse \u2013 Alex Alpine Resort","description":"Consultez les derniers communiqu\u00e9s de presse du Alex Alpine Resort. Restez inform\u00e9 de nos \u00e9v\u00e9nements et actualit\u00e9s.","robots":{"index":"index","follow":"follow","max-snippet":"max-snippet:-1","max-image-preview":"max-image-preview:large","max-video-preview":"max-video-preview:-1"},"canonical":"https:\/\/www.hotelalexzermatt.com\/fr\/coin-medias\/communiques-de-presse\/","og_locale":"fr_FR","og_type":"article","og_title":"Communiqu\u00e9s de Presse \u2013 Alex Alpine Resort","og_description":"Consultez les derniers communiqu\u00e9s de presse du Alex Alpine Resort. Restez inform\u00e9 de nos \u00e9v\u00e9nements et actualit\u00e9s.","og_url":"https:\/\/www.hotelalexzermatt.com\/fr\/coin-medias\/communiques-de-presse\/","og_site_name":"Alex Alpine Resort","article_modified_time":"2026-03-13T09:17:25+00:00","twitter_card":"summary_large_image","twitter_misc":{"Dur\u00e9e de lecture estim\u00e9e":"1 minute"},"schema":{"@context":"https:\/\/schema.org","@graph":[{"@type":"WebPage","@id":"https:\/\/www.hotelalexzermatt.com\/fr\/coin-medias\/communiques-de-presse\/","url":"https:\/\/www.hotelalexzermatt.com\/fr\/coin-medias\/communiques-de-presse\/","name":"Communiqu\u00e9s de Presse \u2013 Alex Alpine Resort","isPartOf":{"@id":"https:\/\/www.hotelalexzermatt.com\/fr\/#website"},"datePublished":"2023-10-19T11:21:07+00:00","dateModified":"2026-03-13T09:17:25+00:00","description":"Consultez les derniers communiqu\u00e9s de presse du Alex Alpine Resort. Restez inform\u00e9 de nos \u00e9v\u00e9nements et actualit\u00e9s.","breadcrumb":{"@id":"https:\/\/www.hotelalexzermatt.com\/fr\/coin-medias\/communiques-de-presse\/#breadcrumb"},"inLanguage":"fr-FR","potentialAction":[{"@type":"ReadAction","target":["https:\/\/www.hotelalexzermatt.com\/fr\/coin-medias\/communiques-de-presse\/"]}]},{"@type":"BreadcrumbList","@id":"https:\/\/www.hotelalexzermatt.com\/fr\/coin-medias\/communiques-de-presse\/#breadcrumb","itemListElement":[{"@type":"ListItem","position":1,"name":"Home","item":"https:\/\/www.hotelalexzermatt.com\/fr\/"},{"@type":"ListItem","position":2,"name":"Coin M\u00e9dias","item":"https:\/\/www.hotelalexzermatt.com\/fr\/coin-medias\/"},{"@type":"ListItem","position":3,"name":"Communiqu\u00e9s de presse"}]},{"@type":"WebSite","@id":"https:\/\/www.hotelalexzermatt.com\/fr\/#website","url":"https:\/\/www.hotelalexzermatt.com\/fr\/","name":"Alex Alpine Resort","description":"(Staging)","potentialAction":[{"@type":"SearchAction","target":{"@type":"EntryPoint","urlTemplate":"https:\/\/www.hotelalexzermatt.com\/fr\/?s={search_term_string}"},"query-input":{"@type":"PropertyValueSpecification","valueRequired":true,"valueName":"search_term_string"}}],"inLanguage":"fr-FR"}]}},"_links":{"self":[{"href":"https:\/\/www.hotelalexzermatt.com\/fr\/wp-json\/wp\/v2\/pages\/1819","targetHints":{"allow":["GET"]}}],"collection":[{"href":"https:\/\/www.hotelalexzermatt.com\/fr\/wp-json\/wp\/v2\/pages"}],"about":[{"href":"https:\/\/www.hotelalexzermatt.com\/fr\/wp-json\/wp\/v2\/types\/page"}],"author":[{"embeddable":true,"href":"https:\/\/www.hotelalexzermatt.com\/fr\/wp-json\/wp\/v2\/users\/2"}],"replies":[{"embeddable":true,"href":"https:\/\/www.hotelalexzermatt.com\/fr\/wp-json\/wp\/v2\/comments?post=1819"}],"version-history":[{"count":10,"href":"https:\/\/www.hotelalexzermatt.com\/fr\/wp-json\/wp\/v2\/pages\/1819\/revisions"}],"predecessor-version":[{"id":5365,"href":"https:\/\/www.hotelalexzermatt.com\/fr\/wp-json\/wp\/v2\/pages\/1819\/revisions\/5365"}],"up":[{"embeddable":true,"href":"https:\/\/www.hotelalexzermatt.com\/fr\/wp-json\/wp\/v2\/pages\/1813"}],"wp:attachment":[{"href":"https:\/\/www.hotelalexzermatt.com\/fr\/wp-json\/wp\/v2\/media?parent=1819"}],"curies":[{"name":"wp","href":"https:\/\/api.w.org\/{rel}","templated":true}]}}