{"id":1783,"date":"2023-10-26T14:45:52","date_gmt":"2023-10-26T12:45:52","guid":{"rendered":"https:\/\/www.hotelalexzermatt.com\/konditionen\/"},"modified":"2026-03-13T09:47:56","modified_gmt":"2026-03-13T08:47:56","slug":"conditions","status":"publish","type":"page","link":"https:\/\/www.hotelalexzermatt.com\/fr\/conditions\/","title":{"rendered":"Conditions"},"content":{"rendered":"\n<h2 class=\"wp-block-heading\">TERMES ET CONDITIONS<\/h2>\n\n\n\n<p>La r\u00e9servation d\u00e9finitive ne peut \u00eatre effectu\u00e9e que si nous avons re\u00e7u une confirmation \u00e9crite par courriel ou courrier.<\/p>\n\n\n\n<p>Les donn\u00e9es de carte de cr\u00e9dit sont n\u00e9cessaires pour la r\u00e9servation et des arrhes sont demand\u00e9s selon la confirmation.<\/p>\n\n\n\n<p>Tous les prix incluent le service et la TVA, hors taxe de s\u00e9jour.<\/p>\n\n\n\n<p>Le jour de votre arriv\u00e9e, votre chambre sera pr\u00eate pour vous \u00e0 partir de 15h00. Le jour du d\u00e9part, nous vous demandons de lib\u00e9rer votre chambre avant 11h00.<\/p>\n\n\n\n<div style=\"height:40px\" aria-hidden=\"true\" class=\"wp-block-spacer\"><\/div>\n\n\n\n<h2 class=\"wp-block-heading\">POLITIQUE D\u2019ANNULATION<\/h2>\n\n\n\n<p>L&rsquo;annulation d\u2019une r\u00e9servation doit \u00eatre faite par \u00e9crit par courriel ou par lettre.<\/p>\n\n\n\n<div style=\"height:40px\" aria-hidden=\"true\" class=\"wp-block-spacer\"><\/div>\n\n\n\n<h2 class=\"wp-block-heading\">ANNULATION EN SAISON HIVERNALE<\/h2>\n\n\n\n<p>Gratuite 1\u00a0mois avant l\u2019arriv\u00e9e, 50\u00a0% jusqu\u2019\u00e0 15\u00a0jours avant l\u2019arriv\u00e9e, 100\u00a0% du prix total de la chambre si moins de 15\u00a0jours avant l\u2019arriv\u00e9e.<\/p>\n\n\n\n<div style=\"height:40px\" aria-hidden=\"true\" class=\"wp-block-spacer\"><\/div>\n\n\n\n<h2 class=\"wp-block-heading\">ANNULATION D\u2019UN S\u00c9JOUR PENDANT NO\u00cbL ET NOUVEL&nbsp;AN (DU 18&nbsp;D\u00c9CEMBRE 2023 AU 6&nbsp;JANVIER 2024)<\/h2>\n\n\n\n<p>Gratuit jusqu\u2019\u00e0 42 jours avant l&rsquo;arriv\u00e9e, 50\u00a0% de 42 \u00e0 30 jours avant l\u2019arriv\u00e9e, 100\u00a0% du prix total de la chambre si moins de\u00a030 jours avant l\u2019arriv\u00e9e.<\/p>\n\n\n\n<div style=\"height:40px\" aria-hidden=\"true\" class=\"wp-block-spacer\"><\/div>\n\n\n\n<h2 class=\"wp-block-heading\">ANNULATION EN SAISON ESTIVAL<\/h2>\n\n\n\n<p>Gratuit jusqu\u2019\u00e0 14\u00a0jours avant l&rsquo;arriv\u00e9e, 50 % de 14 \u00e0 7 jours avant l\u2019arriv\u00e9e, 100\u00a0% du prix total de la chambre si moins de 7\u00a0jours avant l\u2019arriv\u00e9e.<\/p>\n\n\n\n<div style=\"height:40px\" aria-hidden=\"true\" class=\"wp-block-spacer\"><\/div>\n\n\n\n<h2 class=\"wp-block-heading\">ENFANTS ET LITS SUPPL\u00c9MENTAIRES<\/h2>\n\n\n\n<p>Un espace pour 1 \u00e0 2\u00a0lits suppl\u00e9mentaires est possible dans les Suites Junior Classiques et les Suites de Luxe.<\/p>\n\n\n\n<div style=\"height:40px\" aria-hidden=\"true\" class=\"wp-block-spacer\"><\/div>\n\n\n\n<h2 class=\"wp-block-heading\">\u00c9T\u00c9 ET HIVER<\/h2>\n\n\n\n<p>De 0 \u00e0 9\u00a0ans\u00a0: gratuit avec petit-d\u00e9jeuner ou 45\u00a0CHF en demi-pension<br>De 10 \u00e0 15\u00a0ans\u00a0: 80\u00a0CHF avec petit-d\u00e9jeuner ou 125\u00a0CHF en demi-pension<br>\u00c0 partir de 16\u00a0ans\u00a0: 135\u00a0CHF avec petit-d\u00e9jeuner ou 180\u00a0CHF en demi-pension<\/p>\n\n\n\n<div style=\"height:40px\" aria-hidden=\"true\" class=\"wp-block-spacer\"><\/div>\n\n\n\n<h2 class=\"wp-block-heading\">DUR\u00c9E DE S\u00c9JOUR MINIMUM<\/h2>\n\n\n\n<p>Un s\u00e9jour minimum de 7\u00a0jours (samedi \u2013 samedi) est requis en hiver et 10 jours pour le Nouvel An.<\/p>\n\n\n\n<p><\/p>\n\n\n\n<p><br>Si vous avez des questions concernant votre r\u00e9servation ou si vous avez besoin d\u2019aide, nous restons bien s\u00fbr \u00e0 votre disposition: <a href=\"mailto:info@hotelalexzermatt.com\">info@hotelalexzermatt.com<\/a><\/p>\n","protected":false},"excerpt":{"rendered":"<p>TERMES ET CONDITIONS La r\u00e9servation d\u00e9finitive ne peut \u00eatre effectu\u00e9e que si nous avons re\u00e7u une confirmation \u00e9crite par courriel ou courrier. Les donn\u00e9es de carte de cr\u00e9dit sont n\u00e9cessaires pour la r\u00e9servation et des arrhes sont demand\u00e9s selon la confirmation. Tous les prix incluent le service et la TVA, hors taxe de s\u00e9jour. Le [&hellip;]<\/p>\n","protected":false},"author":1,"featured_media":0,"parent":0,"menu_order":0,"comment_status":"closed","ping_status":"closed","template":"page-templates\/page-legal.php","meta":{"_acf_changed":false,"footnotes":""},"class_list":["post-1783","page","type-page","status-publish","hentry"],"acf":[],"yoast_head":"<!-- This site is optimized with the Yoast SEO plugin v27.3 - https:\/\/yoast.com\/product\/yoast-seo-wordpress\/ -->\n<title>Conditions G\u00e9n\u00e9rales \u2013 Alex Alpine Resort<\/title>\n<meta name=\"description\" content=\"Renseignez-vous sur les conditions g\u00e9n\u00e9rales du Alex Alpine Resort. D\u00e9tails importants pour votre r\u00e9servation et s\u00e9jour.\" \/>\n<meta name=\"robots\" content=\"index, follow, max-snippet:-1, max-image-preview:large, max-video-preview:-1\" \/>\n<link rel=\"canonical\" href=\"https:\/\/www.hotelalexzermatt.com\/fr\/conditions\/\" \/>\n<meta property=\"og:locale\" content=\"fr_FR\" \/>\n<meta property=\"og:type\" content=\"article\" \/>\n<meta property=\"og:title\" content=\"Conditions G\u00e9n\u00e9rales \u2013 Alex Alpine Resort\" \/>\n<meta property=\"og:description\" content=\"Renseignez-vous sur les conditions g\u00e9n\u00e9rales du Alex Alpine Resort. D\u00e9tails importants pour votre r\u00e9servation et s\u00e9jour.\" \/>\n<meta property=\"og:url\" content=\"https:\/\/www.hotelalexzermatt.com\/fr\/conditions\/\" \/>\n<meta property=\"og:site_name\" content=\"Alex Alpine Resort\" \/>\n<meta property=\"article:modified_time\" content=\"2026-03-13T08:47:56+00:00\" \/>\n<meta name=\"twitter:card\" content=\"summary_large_image\" \/>\n<meta name=\"twitter:label1\" content=\"Dur\u00e9e de lecture estim\u00e9e\" \/>\n\t<meta name=\"twitter:data1\" content=\"2 minutes\" \/>\n<script type=\"application\/ld+json\" class=\"yoast-schema-graph\">{\"@context\":\"https:\\\/\\\/schema.org\",\"@graph\":[{\"@type\":\"WebPage\",\"@id\":\"https:\\\/\\\/www.hotelalexzermatt.com\\\/fr\\\/conditions\\\/\",\"url\":\"https:\\\/\\\/www.hotelalexzermatt.com\\\/fr\\\/conditions\\\/\",\"name\":\"Conditions G\u00e9n\u00e9rales \u2013 Alex Alpine Resort\",\"isPartOf\":{\"@id\":\"https:\\\/\\\/www.hotelalexzermatt.com\\\/fr\\\/#website\"},\"datePublished\":\"2023-10-26T12:45:52+00:00\",\"dateModified\":\"2026-03-13T08:47:56+00:00\",\"description\":\"Renseignez-vous sur les conditions g\u00e9n\u00e9rales du Alex Alpine Resort. D\u00e9tails importants pour votre r\u00e9servation et s\u00e9jour.\",\"breadcrumb\":{\"@id\":\"https:\\\/\\\/www.hotelalexzermatt.com\\\/fr\\\/conditions\\\/#breadcrumb\"},\"inLanguage\":\"fr-FR\",\"potentialAction\":[{\"@type\":\"ReadAction\",\"target\":[\"https:\\\/\\\/www.hotelalexzermatt.com\\\/fr\\\/conditions\\\/\"]}]},{\"@type\":\"BreadcrumbList\",\"@id\":\"https:\\\/\\\/www.hotelalexzermatt.com\\\/fr\\\/conditions\\\/#breadcrumb\",\"itemListElement\":[{\"@type\":\"ListItem\",\"position\":1,\"name\":\"Home\",\"item\":\"https:\\\/\\\/www.hotelalexzermatt.com\\\/fr\\\/\"},{\"@type\":\"ListItem\",\"position\":2,\"name\":\"Conditions\"}]},{\"@type\":\"WebSite\",\"@id\":\"https:\\\/\\\/www.hotelalexzermatt.com\\\/fr\\\/#website\",\"url\":\"https:\\\/\\\/www.hotelalexzermatt.com\\\/fr\\\/\",\"name\":\"Alex Alpine Resort\",\"description\":\"(Staging)\",\"potentialAction\":[{\"@type\":\"SearchAction\",\"target\":{\"@type\":\"EntryPoint\",\"urlTemplate\":\"https:\\\/\\\/www.hotelalexzermatt.com\\\/fr\\\/?s={search_term_string}\"},\"query-input\":{\"@type\":\"PropertyValueSpecification\",\"valueRequired\":true,\"valueName\":\"search_term_string\"}}],\"inLanguage\":\"fr-FR\"}]}<\/script>\n<!-- \/ Yoast SEO plugin. -->","yoast_head_json":{"title":"Conditions G\u00e9n\u00e9rales \u2013 Alex Alpine Resort","description":"Renseignez-vous sur les conditions g\u00e9n\u00e9rales du Alex Alpine Resort. D\u00e9tails importants pour votre r\u00e9servation et s\u00e9jour.","robots":{"index":"index","follow":"follow","max-snippet":"max-snippet:-1","max-image-preview":"max-image-preview:large","max-video-preview":"max-video-preview:-1"},"canonical":"https:\/\/www.hotelalexzermatt.com\/fr\/conditions\/","og_locale":"fr_FR","og_type":"article","og_title":"Conditions G\u00e9n\u00e9rales \u2013 Alex Alpine Resort","og_description":"Renseignez-vous sur les conditions g\u00e9n\u00e9rales du Alex Alpine Resort. D\u00e9tails importants pour votre r\u00e9servation et s\u00e9jour.","og_url":"https:\/\/www.hotelalexzermatt.com\/fr\/conditions\/","og_site_name":"Alex Alpine Resort","article_modified_time":"2026-03-13T08:47:56+00:00","twitter_card":"summary_large_image","twitter_misc":{"Dur\u00e9e de lecture estim\u00e9e":"2 minutes"},"schema":{"@context":"https:\/\/schema.org","@graph":[{"@type":"WebPage","@id":"https:\/\/www.hotelalexzermatt.com\/fr\/conditions\/","url":"https:\/\/www.hotelalexzermatt.com\/fr\/conditions\/","name":"Conditions G\u00e9n\u00e9rales \u2013 Alex Alpine Resort","isPartOf":{"@id":"https:\/\/www.hotelalexzermatt.com\/fr\/#website"},"datePublished":"2023-10-26T12:45:52+00:00","dateModified":"2026-03-13T08:47:56+00:00","description":"Renseignez-vous sur les conditions g\u00e9n\u00e9rales du Alex Alpine Resort. D\u00e9tails importants pour votre r\u00e9servation et s\u00e9jour.","breadcrumb":{"@id":"https:\/\/www.hotelalexzermatt.com\/fr\/conditions\/#breadcrumb"},"inLanguage":"fr-FR","potentialAction":[{"@type":"ReadAction","target":["https:\/\/www.hotelalexzermatt.com\/fr\/conditions\/"]}]},{"@type":"BreadcrumbList","@id":"https:\/\/www.hotelalexzermatt.com\/fr\/conditions\/#breadcrumb","itemListElement":[{"@type":"ListItem","position":1,"name":"Home","item":"https:\/\/www.hotelalexzermatt.com\/fr\/"},{"@type":"ListItem","position":2,"name":"Conditions"}]},{"@type":"WebSite","@id":"https:\/\/www.hotelalexzermatt.com\/fr\/#website","url":"https:\/\/www.hotelalexzermatt.com\/fr\/","name":"Alex Alpine Resort","description":"(Staging)","potentialAction":[{"@type":"SearchAction","target":{"@type":"EntryPoint","urlTemplate":"https:\/\/www.hotelalexzermatt.com\/fr\/?s={search_term_string}"},"query-input":{"@type":"PropertyValueSpecification","valueRequired":true,"valueName":"search_term_string"}}],"inLanguage":"fr-FR"}]}},"_links":{"self":[{"href":"https:\/\/www.hotelalexzermatt.com\/fr\/wp-json\/wp\/v2\/pages\/1783","targetHints":{"allow":["GET"]}}],"collection":[{"href":"https:\/\/www.hotelalexzermatt.com\/fr\/wp-json\/wp\/v2\/pages"}],"about":[{"href":"https:\/\/www.hotelalexzermatt.com\/fr\/wp-json\/wp\/v2\/types\/page"}],"author":[{"embeddable":true,"href":"https:\/\/www.hotelalexzermatt.com\/fr\/wp-json\/wp\/v2\/users\/1"}],"replies":[{"embeddable":true,"href":"https:\/\/www.hotelalexzermatt.com\/fr\/wp-json\/wp\/v2\/comments?post=1783"}],"version-history":[{"count":5,"href":"https:\/\/www.hotelalexzermatt.com\/fr\/wp-json\/wp\/v2\/pages\/1783\/revisions"}],"predecessor-version":[{"id":3865,"href":"https:\/\/www.hotelalexzermatt.com\/fr\/wp-json\/wp\/v2\/pages\/1783\/revisions\/3865"}],"wp:attachment":[{"href":"https:\/\/www.hotelalexzermatt.com\/fr\/wp-json\/wp\/v2\/media?parent=1783"}],"curies":[{"name":"wp","href":"https:\/\/api.w.org\/{rel}","templated":true}]}}