{"id":1771,"date":"2023-10-26T14:50:39","date_gmt":"2023-10-26T12:50:39","guid":{"rendered":"https:\/\/www.hotelalexzermatt.com\/impressum\/"},"modified":"2026-03-13T09:43:36","modified_gmt":"2026-03-13T08:43:36","slug":"impressum","status":"publish","type":"page","link":"https:\/\/www.hotelalexzermatt.com\/fr\/impressum\/","title":{"rendered":"Mentions l\u00e9gales"},"content":{"rendered":"\n<h2 class=\"wp-block-heading\">PROPRI\u00c9TAIRE<\/h2>\n\n\n\n<p>Hotel Alex Zermatt AG<br>Bodmenstrasse 12<br>CH-3920 Zermatt<\/p>\n\n\n\n<div style=\"height:40px\" aria-hidden=\"true\" class=\"wp-block-spacer\"><\/div>\n\n\n\n<h2 class=\"wp-block-heading\">T\u00c9L\u00c9PHONE<\/h2>\n\n\n\n<p><a href=\"tel:+41279667070\">+41 27 966 70 70<\/a><\/p>\n\n\n\n<div style=\"height:40px\" aria-hidden=\"true\" class=\"wp-block-spacer\"><\/div>\n\n\n\n<h2 class=\"wp-block-heading\">FAX<\/h2>\n\n\n\n<p>+41 27 966 70 90<\/p>\n\n\n\n<div style=\"height:40px\" aria-hidden=\"true\" class=\"wp-block-spacer\"><\/div>\n\n\n\n<h2 class=\"wp-block-heading\">E-MAIL<\/h2>\n\n\n\n<p><a href=\"mailto:info@hotelalexzermatt.com\">info@hotelalexzermatt.com<\/a><\/p>\n\n\n\n<div style=\"height:40px\" aria-hidden=\"true\" class=\"wp-block-spacer\"><\/div>\n\n\n\n<h2 class=\"wp-block-heading\">CONCEPTION, R\u00c9ALISATION &amp; DESIGN<\/h2>\n\n\n\n<p>dig.id GmbH<br>Schneidergasse 27<br>CH-4051 Basel<\/p>\n\n\n\n<p><a href=\"https:\/\/dig.id\" target=\"_blank\" rel=\"noreferrer noopener\">www.dig.id<\/a><\/p>\n\n\n\n<div style=\"height:40px\" aria-hidden=\"true\" class=\"wp-block-spacer\"><\/div>\n","protected":false},"excerpt":{"rendered":"<p>PROPRI\u00c9TAIRE Hotel Alex Zermatt AGBodmenstrasse 12CH-3920 Zermatt T\u00c9L\u00c9PHONE +41 27 966 70 70 FAX +41 27 966 70 90 E-MAIL info@hotelalexzermatt.com CONCEPTION, R\u00c9ALISATION &amp; DESIGN dig.id GmbHSchneidergasse 27CH-4051 Basel www.dig.id<\/p>\n","protected":false},"author":1,"featured_media":0,"parent":0,"menu_order":0,"comment_status":"closed","ping_status":"closed","template":"page-templates\/page-legal.php","meta":{"_acf_changed":false,"footnotes":""},"class_list":["post-1771","page","type-page","status-publish","hentry"],"acf":[],"yoast_head":"<!-- This site is optimized with the Yoast SEO plugin v27.3 - https:\/\/yoast.com\/product\/yoast-seo-wordpress\/ -->\n<title>Mentions L\u00e9gales \u2013 Alex Alpine Resort<\/title>\n<meta name=\"description\" content=\"Informations l\u00e9gales du Resort Hotel Alex Zermatt. Trouvez ici nos mentions l\u00e9gales avec tous les d\u00e9tails de contact importants.\" \/>\n<meta name=\"robots\" content=\"index, follow, max-snippet:-1, max-image-preview:large, max-video-preview:-1\" \/>\n<link rel=\"canonical\" href=\"https:\/\/www.hotelalexzermatt.com\/fr\/impressum\/\" \/>\n<meta property=\"og:locale\" content=\"fr_FR\" \/>\n<meta property=\"og:type\" content=\"article\" \/>\n<meta property=\"og:title\" content=\"Mentions L\u00e9gales \u2013 Alex Alpine Resort\" \/>\n<meta property=\"og:description\" content=\"Informations l\u00e9gales du Resort Hotel Alex Zermatt. Trouvez ici nos mentions l\u00e9gales avec tous les d\u00e9tails de contact importants.\" \/>\n<meta property=\"og:url\" content=\"https:\/\/www.hotelalexzermatt.com\/fr\/impressum\/\" \/>\n<meta property=\"og:site_name\" content=\"Alex Alpine Resort\" \/>\n<meta property=\"article:modified_time\" content=\"2026-03-13T08:43:36+00:00\" \/>\n<meta name=\"twitter:card\" content=\"summary_large_image\" \/>\n<meta name=\"twitter:label1\" content=\"Dur\u00e9e de lecture estim\u00e9e\" \/>\n\t<meta name=\"twitter:data1\" content=\"1 minute\" \/>\n<script type=\"application\/ld+json\" class=\"yoast-schema-graph\">{\"@context\":\"https:\\\/\\\/schema.org\",\"@graph\":[{\"@type\":\"WebPage\",\"@id\":\"https:\\\/\\\/www.hotelalexzermatt.com\\\/fr\\\/impressum\\\/\",\"url\":\"https:\\\/\\\/www.hotelalexzermatt.com\\\/fr\\\/impressum\\\/\",\"name\":\"Mentions L\u00e9gales \u2013 Alex Alpine Resort\",\"isPartOf\":{\"@id\":\"https:\\\/\\\/www.hotelalexzermatt.com\\\/fr\\\/#website\"},\"datePublished\":\"2023-10-26T12:50:39+00:00\",\"dateModified\":\"2026-03-13T08:43:36+00:00\",\"description\":\"Informations l\u00e9gales du Resort Hotel Alex Zermatt. Trouvez ici nos mentions l\u00e9gales avec tous les d\u00e9tails de contact importants.\",\"breadcrumb\":{\"@id\":\"https:\\\/\\\/www.hotelalexzermatt.com\\\/fr\\\/impressum\\\/#breadcrumb\"},\"inLanguage\":\"fr-FR\",\"potentialAction\":[{\"@type\":\"ReadAction\",\"target\":[\"https:\\\/\\\/www.hotelalexzermatt.com\\\/fr\\\/impressum\\\/\"]}]},{\"@type\":\"BreadcrumbList\",\"@id\":\"https:\\\/\\\/www.hotelalexzermatt.com\\\/fr\\\/impressum\\\/#breadcrumb\",\"itemListElement\":[{\"@type\":\"ListItem\",\"position\":1,\"name\":\"Home\",\"item\":\"https:\\\/\\\/www.hotelalexzermatt.com\\\/fr\\\/\"},{\"@type\":\"ListItem\",\"position\":2,\"name\":\"Mentions l\u00e9gales\"}]},{\"@type\":\"WebSite\",\"@id\":\"https:\\\/\\\/www.hotelalexzermatt.com\\\/fr\\\/#website\",\"url\":\"https:\\\/\\\/www.hotelalexzermatt.com\\\/fr\\\/\",\"name\":\"Alex Alpine Resort\",\"description\":\"(Staging)\",\"potentialAction\":[{\"@type\":\"SearchAction\",\"target\":{\"@type\":\"EntryPoint\",\"urlTemplate\":\"https:\\\/\\\/www.hotelalexzermatt.com\\\/fr\\\/?s={search_term_string}\"},\"query-input\":{\"@type\":\"PropertyValueSpecification\",\"valueRequired\":true,\"valueName\":\"search_term_string\"}}],\"inLanguage\":\"fr-FR\"}]}<\/script>\n<!-- \/ Yoast SEO plugin. -->","yoast_head_json":{"title":"Mentions L\u00e9gales \u2013 Alex Alpine Resort","description":"Informations l\u00e9gales du Resort Hotel Alex Zermatt. Trouvez ici nos mentions l\u00e9gales avec tous les d\u00e9tails de contact importants.","robots":{"index":"index","follow":"follow","max-snippet":"max-snippet:-1","max-image-preview":"max-image-preview:large","max-video-preview":"max-video-preview:-1"},"canonical":"https:\/\/www.hotelalexzermatt.com\/fr\/impressum\/","og_locale":"fr_FR","og_type":"article","og_title":"Mentions L\u00e9gales \u2013 Alex Alpine Resort","og_description":"Informations l\u00e9gales du Resort Hotel Alex Zermatt. Trouvez ici nos mentions l\u00e9gales avec tous les d\u00e9tails de contact importants.","og_url":"https:\/\/www.hotelalexzermatt.com\/fr\/impressum\/","og_site_name":"Alex Alpine Resort","article_modified_time":"2026-03-13T08:43:36+00:00","twitter_card":"summary_large_image","twitter_misc":{"Dur\u00e9e de lecture estim\u00e9e":"1 minute"},"schema":{"@context":"https:\/\/schema.org","@graph":[{"@type":"WebPage","@id":"https:\/\/www.hotelalexzermatt.com\/fr\/impressum\/","url":"https:\/\/www.hotelalexzermatt.com\/fr\/impressum\/","name":"Mentions L\u00e9gales \u2013 Alex Alpine Resort","isPartOf":{"@id":"https:\/\/www.hotelalexzermatt.com\/fr\/#website"},"datePublished":"2023-10-26T12:50:39+00:00","dateModified":"2026-03-13T08:43:36+00:00","description":"Informations l\u00e9gales du Resort Hotel Alex Zermatt. Trouvez ici nos mentions l\u00e9gales avec tous les d\u00e9tails de contact importants.","breadcrumb":{"@id":"https:\/\/www.hotelalexzermatt.com\/fr\/impressum\/#breadcrumb"},"inLanguage":"fr-FR","potentialAction":[{"@type":"ReadAction","target":["https:\/\/www.hotelalexzermatt.com\/fr\/impressum\/"]}]},{"@type":"BreadcrumbList","@id":"https:\/\/www.hotelalexzermatt.com\/fr\/impressum\/#breadcrumb","itemListElement":[{"@type":"ListItem","position":1,"name":"Home","item":"https:\/\/www.hotelalexzermatt.com\/fr\/"},{"@type":"ListItem","position":2,"name":"Mentions l\u00e9gales"}]},{"@type":"WebSite","@id":"https:\/\/www.hotelalexzermatt.com\/fr\/#website","url":"https:\/\/www.hotelalexzermatt.com\/fr\/","name":"Alex Alpine Resort","description":"(Staging)","potentialAction":[{"@type":"SearchAction","target":{"@type":"EntryPoint","urlTemplate":"https:\/\/www.hotelalexzermatt.com\/fr\/?s={search_term_string}"},"query-input":{"@type":"PropertyValueSpecification","valueRequired":true,"valueName":"search_term_string"}}],"inLanguage":"fr-FR"}]}},"_links":{"self":[{"href":"https:\/\/www.hotelalexzermatt.com\/fr\/wp-json\/wp\/v2\/pages\/1771","targetHints":{"allow":["GET"]}}],"collection":[{"href":"https:\/\/www.hotelalexzermatt.com\/fr\/wp-json\/wp\/v2\/pages"}],"about":[{"href":"https:\/\/www.hotelalexzermatt.com\/fr\/wp-json\/wp\/v2\/types\/page"}],"author":[{"embeddable":true,"href":"https:\/\/www.hotelalexzermatt.com\/fr\/wp-json\/wp\/v2\/users\/1"}],"replies":[{"embeddable":true,"href":"https:\/\/www.hotelalexzermatt.com\/fr\/wp-json\/wp\/v2\/comments?post=1771"}],"version-history":[{"count":3,"href":"https:\/\/www.hotelalexzermatt.com\/fr\/wp-json\/wp\/v2\/pages\/1771\/revisions"}],"predecessor-version":[{"id":5351,"href":"https:\/\/www.hotelalexzermatt.com\/fr\/wp-json\/wp\/v2\/pages\/1771\/revisions\/5351"}],"wp:attachment":[{"href":"https:\/\/www.hotelalexzermatt.com\/fr\/wp-json\/wp\/v2\/media?parent=1771"}],"curies":[{"name":"wp","href":"https:\/\/api.w.org\/{rel}","templated":true}]}}