{"id":1764,"date":"2023-10-02T12:33:15","date_gmt":"2023-10-02T10:33:15","guid":{"rendered":"https:\/\/www.hotelalexzermatt.com\/genuss\/bankette\/"},"modified":"2026-03-13T09:32:02","modified_gmt":"2026-03-13T08:32:02","slug":"banquets","status":"publish","type":"page","link":"https:\/\/www.hotelalexzermatt.com\/fr\/plaisir\/banquets\/","title":{"rendered":"Banquets"},"content":{"rendered":"","protected":false},"excerpt":{"rendered":"","protected":false},"author":1,"featured_media":0,"parent":1734,"menu_order":5,"comment_status":"closed","ping_status":"closed","template":"page-templates\/page-eat-&-drink-bankette.php","meta":{"_acf_changed":false,"footnotes":""},"class_list":["post-1764","page","type-page","status-publish","hentry"],"acf":[],"yoast_head":"<!-- This site is optimized with the Yoast SEO plugin v27.3 - https:\/\/yoast.com\/product\/yoast-seo-wordpress\/ -->\n<title>Banquets et \u00c9v\u00e9nements au Alex Alpine Resort<\/title>\n<meta name=\"description\" content=\"Organisez des banquets et \u00e9v\u00e9nements inoubliables au Alex Alpine Resort. Id\u00e9al pour mariages, f\u00eates et \u00e9v\u00e9nements d&#039;entreprise.\" \/>\n<meta name=\"robots\" content=\"index, follow, max-snippet:-1, max-image-preview:large, max-video-preview:-1\" \/>\n<link rel=\"canonical\" href=\"https:\/\/www.hotelalexzermatt.com\/fr\/plaisir\/banquets\/\" \/>\n<meta property=\"og:locale\" content=\"fr_FR\" \/>\n<meta property=\"og:type\" content=\"article\" \/>\n<meta property=\"og:title\" content=\"Banquets et \u00c9v\u00e9nements au Alex Alpine Resort\" \/>\n<meta property=\"og:description\" content=\"Organisez des banquets et \u00e9v\u00e9nements inoubliables au Alex Alpine Resort. Id\u00e9al pour mariages, f\u00eates et \u00e9v\u00e9nements d&#039;entreprise.\" \/>\n<meta property=\"og:url\" content=\"https:\/\/www.hotelalexzermatt.com\/fr\/plaisir\/banquets\/\" \/>\n<meta property=\"og:site_name\" content=\"Alex Alpine Resort\" \/>\n<meta property=\"article:modified_time\" content=\"2026-03-13T08:32:02+00:00\" \/>\n<meta name=\"twitter:card\" content=\"summary_large_image\" \/>\n<meta name=\"twitter:label1\" content=\"Dur\u00e9e de lecture estim\u00e9e\" \/>\n\t<meta name=\"twitter:data1\" content=\"3 minutes\" \/>\n<script type=\"application\/ld+json\" class=\"yoast-schema-graph\">{\"@context\":\"https:\\\/\\\/schema.org\",\"@graph\":[{\"@type\":\"WebPage\",\"@id\":\"https:\\\/\\\/www.hotelalexzermatt.com\\\/fr\\\/plaisir\\\/banquets\\\/\",\"url\":\"https:\\\/\\\/www.hotelalexzermatt.com\\\/fr\\\/plaisir\\\/banquets\\\/\",\"name\":\"Banquets et \u00c9v\u00e9nements au Alex Alpine Resort\",\"isPartOf\":{\"@id\":\"https:\\\/\\\/www.hotelalexzermatt.com\\\/fr\\\/#website\"},\"datePublished\":\"2023-10-02T10:33:15+00:00\",\"dateModified\":\"2026-03-13T08:32:02+00:00\",\"description\":\"Organisez des banquets et \u00e9v\u00e9nements inoubliables au Alex Alpine Resort. Id\u00e9al pour mariages, f\u00eates et \u00e9v\u00e9nements d'entreprise.\",\"breadcrumb\":{\"@id\":\"https:\\\/\\\/www.hotelalexzermatt.com\\\/fr\\\/plaisir\\\/banquets\\\/#breadcrumb\"},\"inLanguage\":\"fr-FR\",\"potentialAction\":[{\"@type\":\"ReadAction\",\"target\":[\"https:\\\/\\\/www.hotelalexzermatt.com\\\/fr\\\/plaisir\\\/banquets\\\/\"]}]},{\"@type\":\"BreadcrumbList\",\"@id\":\"https:\\\/\\\/www.hotelalexzermatt.com\\\/fr\\\/plaisir\\\/banquets\\\/#breadcrumb\",\"itemListElement\":[{\"@type\":\"ListItem\",\"position\":1,\"name\":\"Home\",\"item\":\"https:\\\/\\\/www.hotelalexzermatt.com\\\/fr\\\/\"},{\"@type\":\"ListItem\",\"position\":2,\"name\":\"Plaisir\",\"item\":\"https:\\\/\\\/www.hotelalexzermatt.com\\\/fr\\\/plaisir\\\/\"},{\"@type\":\"ListItem\",\"position\":3,\"name\":\"Banquets\"}]},{\"@type\":\"WebSite\",\"@id\":\"https:\\\/\\\/www.hotelalexzermatt.com\\\/fr\\\/#website\",\"url\":\"https:\\\/\\\/www.hotelalexzermatt.com\\\/fr\\\/\",\"name\":\"Alex Alpine Resort\",\"description\":\"(Staging)\",\"potentialAction\":[{\"@type\":\"SearchAction\",\"target\":{\"@type\":\"EntryPoint\",\"urlTemplate\":\"https:\\\/\\\/www.hotelalexzermatt.com\\\/fr\\\/?s={search_term_string}\"},\"query-input\":{\"@type\":\"PropertyValueSpecification\",\"valueRequired\":true,\"valueName\":\"search_term_string\"}}],\"inLanguage\":\"fr-FR\"}]}<\/script>\n<!-- \/ Yoast SEO plugin. -->","yoast_head_json":{"title":"Banquets et \u00c9v\u00e9nements au Alex Alpine Resort","description":"Organisez des banquets et \u00e9v\u00e9nements inoubliables au Alex Alpine Resort. Id\u00e9al pour mariages, f\u00eates et \u00e9v\u00e9nements d'entreprise.","robots":{"index":"index","follow":"follow","max-snippet":"max-snippet:-1","max-image-preview":"max-image-preview:large","max-video-preview":"max-video-preview:-1"},"canonical":"https:\/\/www.hotelalexzermatt.com\/fr\/plaisir\/banquets\/","og_locale":"fr_FR","og_type":"article","og_title":"Banquets et \u00c9v\u00e9nements au Alex Alpine Resort","og_description":"Organisez des banquets et \u00e9v\u00e9nements inoubliables au Alex Alpine Resort. Id\u00e9al pour mariages, f\u00eates et \u00e9v\u00e9nements d'entreprise.","og_url":"https:\/\/www.hotelalexzermatt.com\/fr\/plaisir\/banquets\/","og_site_name":"Alex Alpine Resort","article_modified_time":"2026-03-13T08:32:02+00:00","twitter_card":"summary_large_image","twitter_misc":{"Dur\u00e9e de lecture estim\u00e9e":"3 minutes"},"schema":{"@context":"https:\/\/schema.org","@graph":[{"@type":"WebPage","@id":"https:\/\/www.hotelalexzermatt.com\/fr\/plaisir\/banquets\/","url":"https:\/\/www.hotelalexzermatt.com\/fr\/plaisir\/banquets\/","name":"Banquets et \u00c9v\u00e9nements au Alex Alpine Resort","isPartOf":{"@id":"https:\/\/www.hotelalexzermatt.com\/fr\/#website"},"datePublished":"2023-10-02T10:33:15+00:00","dateModified":"2026-03-13T08:32:02+00:00","description":"Organisez des banquets et \u00e9v\u00e9nements inoubliables au Alex Alpine Resort. Id\u00e9al pour mariages, f\u00eates et \u00e9v\u00e9nements d'entreprise.","breadcrumb":{"@id":"https:\/\/www.hotelalexzermatt.com\/fr\/plaisir\/banquets\/#breadcrumb"},"inLanguage":"fr-FR","potentialAction":[{"@type":"ReadAction","target":["https:\/\/www.hotelalexzermatt.com\/fr\/plaisir\/banquets\/"]}]},{"@type":"BreadcrumbList","@id":"https:\/\/www.hotelalexzermatt.com\/fr\/plaisir\/banquets\/#breadcrumb","itemListElement":[{"@type":"ListItem","position":1,"name":"Home","item":"https:\/\/www.hotelalexzermatt.com\/fr\/"},{"@type":"ListItem","position":2,"name":"Plaisir","item":"https:\/\/www.hotelalexzermatt.com\/fr\/plaisir\/"},{"@type":"ListItem","position":3,"name":"Banquets"}]},{"@type":"WebSite","@id":"https:\/\/www.hotelalexzermatt.com\/fr\/#website","url":"https:\/\/www.hotelalexzermatt.com\/fr\/","name":"Alex Alpine Resort","description":"(Staging)","potentialAction":[{"@type":"SearchAction","target":{"@type":"EntryPoint","urlTemplate":"https:\/\/www.hotelalexzermatt.com\/fr\/?s={search_term_string}"},"query-input":{"@type":"PropertyValueSpecification","valueRequired":true,"valueName":"search_term_string"}}],"inLanguage":"fr-FR"}]}},"_links":{"self":[{"href":"https:\/\/www.hotelalexzermatt.com\/fr\/wp-json\/wp\/v2\/pages\/1764","targetHints":{"allow":["GET"]}}],"collection":[{"href":"https:\/\/www.hotelalexzermatt.com\/fr\/wp-json\/wp\/v2\/pages"}],"about":[{"href":"https:\/\/www.hotelalexzermatt.com\/fr\/wp-json\/wp\/v2\/types\/page"}],"author":[{"embeddable":true,"href":"https:\/\/www.hotelalexzermatt.com\/fr\/wp-json\/wp\/v2\/users\/1"}],"replies":[{"embeddable":true,"href":"https:\/\/www.hotelalexzermatt.com\/fr\/wp-json\/wp\/v2\/comments?post=1764"}],"version-history":[{"count":6,"href":"https:\/\/www.hotelalexzermatt.com\/fr\/wp-json\/wp\/v2\/pages\/1764\/revisions"}],"predecessor-version":[{"id":5338,"href":"https:\/\/www.hotelalexzermatt.com\/fr\/wp-json\/wp\/v2\/pages\/1764\/revisions\/5338"}],"up":[{"embeddable":true,"href":"https:\/\/www.hotelalexzermatt.com\/fr\/wp-json\/wp\/v2\/pages\/1734"}],"wp:attachment":[{"href":"https:\/\/www.hotelalexzermatt.com\/fr\/wp-json\/wp\/v2\/media?parent=1764"}],"curies":[{"name":"wp","href":"https:\/\/api.w.org\/{rel}","templated":true}]}}