{"id":1696,"date":"2023-10-26T14:54:25","date_gmt":"2023-10-26T12:54:25","guid":{"rendered":"https:\/\/www.hotelalexzermatt.com\/datenschutzhinweis\/"},"modified":"2026-03-13T08:50:25","modified_gmt":"2026-03-13T07:50:25","slug":"protection-des-donnees","status":"publish","type":"page","link":"https:\/\/www.hotelalexzermatt.com\/fr\/protection-des-donnees\/","title":{"rendered":"Note sur la protection des donn\u00e9es"},"content":{"rendered":"\n<p>Toutes les questions relatives \u00e0 la protection des donn\u00e9es nous tiennent \u00e0 c\u0153ur, c&rsquo;est pourquoi vous trouverez ci-dessous les informations relatives \u00e0 votre protection personnelle des donn\u00e9es.<\/p>\n\n\n\n<h2 class=\"wp-block-heading\">G\u00c9N\u00c9RAL<\/h2>\n\n\n\n<p>La pr\u00e9sente d\u00e9claration de protection des donn\u00e9es informe les utilisateurs sur la nature, l&rsquo;\u00e9tendue et les finalit\u00e9s de la collecte et de l&rsquo;utilisation des donn\u00e9es personnelles par le Alex Alpine Resort \u2013 Spa &amp; Sports sur ce site web.<\/p>\n\n\n\n<h2 class=\"wp-block-heading\">QUELLES DONN\u00c9ES SONT AUTOMATIQUEMENT ENREGISTR\u00c9ES PAR NOTRE H\u00c9BERGEUR ?<\/h2>\n\n\n\n<p>Le fournisseur des pages collecte et enregistre automatiquement des informations dans ce que l&rsquo;on appelle des fichiers journaux du serveur, que votre navigateur nous transmet automatiquement. Les donn\u00e9es d&rsquo;acc\u00e8s comprennent:<\/p>\n\n\n\n<p>nom de la page web consult\u00e9e<br>date et heure de la consultation<br>quantit\u00e9 de donn\u00e9es transmises<br>message de r\u00e9ussite de la consultation<br>type et version du navigateur, ainsi que le syst\u00e8me d&rsquo;exploitation de l&rsquo;utilisateur<br>URL de r\u00e9f\u00e9rence (l&rsquo;URL qui renvoie \u00e0 notre site web, par ex. recherche Google)<br>l&rsquo;adresse IP et le fournisseur d&rsquo;acc\u00e8s demandeur.<br>Le fournisseur utilise les donn\u00e9es du journal uniquement pour des \u00e9valuations statistiques dans le but d&rsquo;assurer le fonctionnement, la s\u00e9curit\u00e9 et l&rsquo;optimisation de l&rsquo;offre. Le fournisseur se r\u00e9serve toutefois le droit de v\u00e9rifier ult\u00e9rieurement les donn\u00e9es du protocole si, sur la base d&rsquo;indices concrets, il existe un soup\u00e7on l\u00e9gitime d&rsquo;utilisation ill\u00e9gale.<\/p>\n\n\n\n<h2 class=\"wp-block-heading\">TRAITEMENT DES DONN\u00c9ES PERSONNELLES<\/h2>\n\n\n\n<p>Les donn\u00e9es \u00e0 caract\u00e8re personnel sont des informations qui permettent d&rsquo;identifier une personne, c&rsquo;est-\u00e0-dire des donn\u00e9es qui permettent de remonter jusqu&rsquo;\u00e0 une personne. Il s&rsquo;agit notamment du nom, de l&rsquo;adresse \u00e9lectronique ou du num\u00e9ro de t\u00e9l\u00e9phone. Mais les donn\u00e9es relatives aux pr\u00e9f\u00e9rences, aux hobbies, aux adh\u00e9sions ou aux sites web consult\u00e9s par une personne font \u00e9galement partie des donn\u00e9es personnelles. Les donn\u00e9es personnelles ne sont collect\u00e9es, utilis\u00e9es et transmises par le fournisseur que si la loi l&rsquo;autorise ou si les utilisateurs consentent \u00e0 la collecte des donn\u00e9es.<\/p>\n\n\n\n<h2 class=\"wp-block-heading\">PROTECTION DES DONN\u00c9ES PERSONNELLES<\/h2>\n\n\n\n<p>Nous avons pris des mesures de s\u00e9curit\u00e9 techniques et organisationnelles afin de prot\u00e9ger vos donn\u00e9es personnelles contre la perte, la destruction, la manipulation et l&rsquo;acc\u00e8s non autoris\u00e9. Nos mesures de s\u00e9curit\u00e9 sont continuellement revues et optimis\u00e9es en fonction de l&rsquo;\u00e9volution technologique.<\/p>\n\n\n\n<p>Lorsque vous utilisez un service de notre site web, vos donn\u00e9es personnelles nous sont transmises. Pour \u00e9viter qu&rsquo;elles ne tombent entre de mauvaises mains, nous les codons \u00e0 l&rsquo;aide du proc\u00e9d\u00e9 SSL (Secure-Socket-Layer). Le proc\u00e9d\u00e9 SSL est actuellement le proc\u00e9d\u00e9 de transmission de donn\u00e9es le plus courant et le plus s\u00fbr sur Internet.<\/p>\n\n\n\n<h2 class=\"wp-block-heading\">FONCTION DE LA PROC\u00c9DURE SSL<\/h2>\n\n\n\n<p>La proc\u00e9dure SSL (Secure Socket Layer) permet de prot\u00e9ger les donn\u00e9es qu&rsquo;un client envoie au serveur d&rsquo;une entreprise via Internet. SSL offre une triple protection :<\/p>\n\n\n\n<p>Vos donn\u00e9es \u00e0 transmettre sont crypt\u00e9es.<br>Il est garanti que le formulaire ne sera renvoy\u00e9 qu&rsquo;au serveur \u00e0 partir duquel il a \u00e9t\u00e9 ouvert.<br>Il est v\u00e9rifi\u00e9 que les donn\u00e9es parviennent compl\u00e8tes et inchang\u00e9es \u00e0 leur destinataire respectif.<br>SSL est toujours utilis\u00e9 lorsque vous voyez un petit cadenas (g\u00e9n\u00e9ralement vert) sur votre \u00e9cran, soit en bas \u00e0 gauche dans la barre d&rsquo;\u00e9tat de votre navigateur, soit \u00e0 c\u00f4t\u00e9 de la ligne URL dans la partie sup\u00e9rieure du navigateur.<\/p>\n\n\n\n<h2 class=\"wp-block-heading\">\u00c0 QUOI SERVENT LES DONN\u00c9ES DE LA NEWSLETTER ?<\/h2>\n\n\n\n<p>Si vous souhaitez recevoir la newsletter propos\u00e9e sur le site, nous avons besoin d&rsquo;une adresse e-mail ainsi que d&rsquo;informations nous permettant de v\u00e9rifier que vous \u00eates bien le propri\u00e9taire de l&rsquo;adresse e-mail indiqu\u00e9e et que vous acceptez de recevoir la newsletter. Nous ne collectons pas d&rsquo;autres donn\u00e9es. Nous utilisons ces donn\u00e9es exclusivement pour l&rsquo;envoi des informations demand\u00e9es et ne les transmettons pas \u00e0 des tiers.<\/p>\n\n\n\n<p>Vous pouvez \u00e0 tout moment r\u00e9voquer le consentement que vous avez donn\u00e9 \u00e0 l&rsquo;enregistrement des donn\u00e9es, de l&rsquo;adresse e-mail et de leur utilisation pour l&rsquo;envoi de la newsletter.<\/p>\n\n\n\n<h2 class=\"wp-block-heading\">INT\u00c9GRATION DE SERVICES ET DE CONTENUS TIERS<\/h2>\n\n\n\n<p>Il peut arriver que des contenus de tiers soient int\u00e9gr\u00e9s dans cette offre en ligne, comme par exemple des vid\u00e9os de YouTube, des cartes de Google-Maps, des flux RSS ou des graphiques d&rsquo;autres sites web. Cela suppose toujours que les fournisseurs de ces contenus (ci-apr\u00e8s d\u00e9nomm\u00e9s \u00ab\u00a0fournisseurs tiers\u00a0\u00bb) per\u00e7oivent l&rsquo;adresse IP des utilisateurs. En effet, sans l&rsquo;adresse IP, ils ne pourraient pas envoyer les contenus au navigateur de l&rsquo;utilisateur concern\u00e9. L&rsquo;adresse IP est donc n\u00e9cessaire \u00e0 l&rsquo;affichage de ces contenus. Nous nous effor\u00e7ons de n&rsquo;utiliser que des contenus dont les fournisseurs respectifs utilisent l&rsquo;adresse IP uniquement pour la livraison des contenus. Toutefois, nous n&rsquo;avons aucune influence sur le fait que les fournisseurs tiers enregistrent l&rsquo;adresse IP, par exemple \u00e0 des fins statistiques. Dans la mesure o\u00f9 nous en avons connaissance, nous en informons les utilisateurs.<\/p>\n\n\n\n<h2 class=\"wp-block-heading\">UTILISATION DES PLUGINS SOCIAUX DE FACEBOOK<\/h2>\n\n\n\n<p>Nous utilisons des plugins sociaux de facebook.com, exploit\u00e9 par Facebook Inc. sur notre site web. Les plugins sont reconnaissables au logo Facebook ou \u00e0 la mention \u00ab\u00a0Facebook Social Plugin\u00a0\u00bb. L&rsquo;\u00e9change de donn\u00e9es n&rsquo;a explicitement pas lieu au moment du clic sur le bouton \u00ab\u00a0J&rsquo;aime\u00a0\u00bb, mais d\u00e9j\u00e0 par le biais du code fourni par Facebook sur www.hotelalexzermatt.ch. L&rsquo;exploitant du site ne peut pas voir ou modifier ces donn\u00e9es de mani\u00e8re group\u00e9e. Vous trouverez des d\u00e9tails sur le traitement de vos donn\u00e9es personnelles par Facebook dans les informations sur la protection des donn\u00e9es de Facebook : www.facebook.com\/policy.php<\/p>\n\n\n\n<h2 class=\"wp-block-heading\">UTILISATION DES COOKIES ET STOCKAGE SUR VOTRE ORDINATEUR<\/h2>\n\n\n\n<p>Afin de rendre votre visite sur le site web plus attrayante et de permettre l&rsquo;utilisation de certaines fonctions, celui-ci utilise des cookies sur diff\u00e9rentes pages. Il s&rsquo;agit de petits fichiers texte qui sont enregistr\u00e9s sur votre terminal (p. ex. t\u00e9l\u00e9phone portable, tablette, PC). Certains des cookies utilis\u00e9s sont supprim\u00e9s \u00e0 la fin de la session de navigation, c&rsquo;est-\u00e0-dire apr\u00e8s la fermeture de votre navigateur (cookies de session). D&rsquo;autres cookies restent sur votre terminal et permettent de reconna\u00eetre votre navigateur lors de votre prochaine visite (cookies dits persistants, comme par exemple l&rsquo;enregistrement de vos donn\u00e9es de connexion si vous le souhaitez). Vous pouvez configurer votre navigateur de mani\u00e8re \u00e0 \u00eatre inform\u00e9 de l&rsquo;installation de cookies et \u00e0 pouvoir d\u00e9cider vous-m\u00eame de les accepter ou de les refuser de mani\u00e8re g\u00e9n\u00e9rale. Par la pr\u00e9sente, nous attirons votre attention sur le fait que la fonctionnalit\u00e9 et le confort d&rsquo;utilisation peuvent \u00eatre limit\u00e9s sans cookies. Pour en savoir plus, cliquez ici :<\/p>\n\n\n\n<p><a href=\"http:\/\/www.allaboutcookies.org\/ge\/cookies-verwalten\/\">http:\/\/www.allaboutcookies.org\/ge\/cookies-verwalten\/<\/a><\/p>\n\n\n\n<h2 class=\"wp-block-heading\">UTILISATION DE GOOGLE ANALYTICS<\/h2>\n\n\n\n<p>Ce site web utilise des fonctions du service d&rsquo;analyse web Google Analytics. Le fournisseur est Google Inc. 1600 Amphitheatre Parkway Mountain View, CA 94043, USA. Google Analytics utilise des cookies. Les informations g\u00e9n\u00e9r\u00e9es par le cookie concernant votre utilisation de ce site web sont g\u00e9n\u00e9ralement transmises \u00e0 un serveur de Google aux \u00c9tats-Unis et y sont enregistr\u00e9es.<\/p>\n\n\n\n<p>Google utilisera ces informations pour le compte de l&rsquo;exploitant de ce site web afin d&rsquo;\u00e9valuer votre utilisation du site web, de compiler des rapports sur les activit\u00e9s du site web et de fournir d&rsquo;autres services li\u00e9s \u00e0 l&rsquo;utilisation du site web et d&rsquo;Internet \u00e0 l&rsquo;exploitant du site web. L&rsquo;adresse IP transmise par votre navigateur dans le cadre de Google Analytics n&rsquo;est pas recoup\u00e9e avec d&rsquo;autres donn\u00e9es de Google.<\/p>\n\n\n\n<p>Vous pouvez emp\u00eacher l&rsquo;enregistrement des cookies en param\u00e9trant votre logiciel de navigation en cons\u00e9quence ; nous attirons toutefois votre attention sur le fait que, dans ce cas, vous ne pourrez peut-\u00eatre pas utiliser toutes les fonctions de ce site web dans leur int\u00e9gralit\u00e9. Vous pouvez en outre emp\u00eacher la saisie par Google des donn\u00e9es g\u00e9n\u00e9r\u00e9es par le cookie et se rapportant \u00e0 votre utilisation du site web (y compris votre adresse IP) ainsi que le traitement de ces donn\u00e9es par Google en t\u00e9l\u00e9chargeant et en installant le plug-in de navigateur disponible sous le lien suivant :<\/p>\n\n\n\n<p><a href=\"http:\/\/tools.google.com\/dlpage\/gaoptout?hl=de\" target=\"_blank\" rel=\"noreferrer noopener\">http:\/\/tools.google.com\/dlpage\/gaoptout?hl=de<\/a><\/p>\n\n\n\n<h2 class=\"wp-block-heading\">UTILISATION DE POLICES DE CARACT\u00c8RES WEB<\/h2>\n\n\n\n<p>Sur ces pages Internet, des polices externes, Google Fonts, sont utilis\u00e9es. Google Fonts est un service de Google Inc (\u00ab\u00a0Google\u00a0\u00bb). L&rsquo;int\u00e9gration de ces polices web se fait par un appel de serveur, en g\u00e9n\u00e9ral un serveur de Google aux \u00c9tats-Unis. Cela permet de transmettre au serveur lequel de nos sites Internet vous avez visit\u00e9. L&rsquo;adresse IP du navigateur du terminal du visiteur de ces pages Internet est \u00e9galement enregistr\u00e9e par Google. Pour plus d&rsquo;informations, veuillez consulter les informations sur la protection des donn\u00e9es de Google, que vous pouvez consulter ici :<\/p>\n\n\n\n<p><a href=\"http:\/\/www.google.com\/fonts#AboutPlace:about\" target=\"_blank\" rel=\"noreferrer noopener\">www.google.com\/fonts#AboutPlace:about<\/a><\/p>\n\n\n\n<p><a href=\"http:\/\/www.google.com\/policies\/privacy\/\">www.google.com\/policies\/privacy\/<\/a><\/p>\n\n\n\n<h2 class=\"wp-block-heading\">UTILISATION DES DONN\u00c9ES \u00c0 DES FINS SP\u00c9CIFIQUES<\/h2>\n\n\n\n<p>Nous respectons le principe de l&rsquo;utilisation des donn\u00e9es dans un but pr\u00e9cis et ne collectons, traitons et enregistrons vos donn\u00e9es personnelles que dans le but pour lequel vous nous les avez communiqu\u00e9es. Vos donn\u00e9es personnelles ne sont pas transmises \u00e0 des tiers sans votre consentement expr\u00e8s, sauf si cela est n\u00e9cessaire pour la fourniture du service ou l&rsquo;ex\u00e9cution du contrat. De m\u00eame, la transmission \u00e0 des institutions et autorit\u00e9s publiques habilit\u00e9es \u00e0 recevoir des informations n&rsquo;a lieu que dans le cadre de l&rsquo;obligation l\u00e9gale de fournir des informations ou si nous sommes tenus de fournir des informations par une d\u00e9cision de justice.<\/p>\n\n\n\n<p>La protection des donn\u00e9es au sein de l&rsquo;entreprise nous tient \u00e9galement tr\u00e8s \u00e0 c\u0153ur. Nos collaborateurs et les entreprises de services que nous avons mandat\u00e9es sont tenus au secret professionnel et au respect des dispositions l\u00e9gales en mati\u00e8re de protection des donn\u00e9es.<\/p>\n\n\n\n<h2 class=\"wp-block-heading\">TRAITEMENT DES DONN\u00c9ES ZERMATT TOURISMUS ET BONFIRE AG<\/h2>\n\n\n\n<p>Vos donn\u00e9es de r\u00e9servation sont en outre trait\u00e9es comme suit :<\/p>\n\n\n\n<p>Vos donn\u00e9es de r\u00e9servation (par ex. titre, pr\u00e9nom, nom, date de naissance, nationalit\u00e9, langue, adresse e-mail, num\u00e9ro de t\u00e9l\u00e9phone mobile, adresse postale, nombre de personnes, date d&rsquo;arriv\u00e9e, date de d\u00e9part, nuit\u00e9es et \u00e9ventuelle exon\u00e9ration de la taxe de s\u00e9jour) sont transmises \u00e0 Bonfire AG et Zermatt Tourismus (soit par nos soins, soit via notre syst\u00e8me de r\u00e9servation \u00e9lectronique).<br>Vos donn\u00e9es de r\u00e9servation sont saisies dans une base de donn\u00e9es centrale par Bonfire AG et\/ou Zermatt Tourismus. Si les h\u00e9bergeurs participent au marketing par e-mail de Zermatt Tourisme, les donn\u00e9es des h\u00f4tes sont \u00e9galement enregistr\u00e9es par le fournisseur tiers \u00ab\u00a0Salesforce\u00a0\u00bb et utilis\u00e9es dans le cadre de la relation commerciale entre l&rsquo;h\u00e9bergeur et l&rsquo;h\u00f4te.<br>Vos donn\u00e9es de r\u00e9servation sont trait\u00e9es exclusivement en Suisse et dans l&rsquo;UE.<br>Sur la base de ces donn\u00e9es, Zermatt Tourisme proc\u00e8de au d\u00e9compte de la taxe de s\u00e9jour due et \u00e0 l&rsquo;encaissement correspondant aupr\u00e8s des partenaires prestataires.<br>Zermatt Tourisme effectue en outre le reporting \u00e0 l&rsquo;Office f\u00e9d\u00e9ral de la statistique.<br>Bonfire AG et Zermatt Tourisme accordent \u00e0 la police un acc\u00e8s \u00e0 la base de donn\u00e9es contenant les donn\u00e9es de r\u00e9servation, afin que la police puisse par exemple consulter les donn\u00e9es de r\u00e9servation correspondantes en cas de personnes disparues.<br>Zermatt Tourisme utilise les donn\u00e9es de r\u00e9servation pour collecter des statistiques (notamment concernant le taux d&rsquo;occupation, la dur\u00e9e du s\u00e9jour, le nombre d&rsquo;arriv\u00e9es, etc.)<\/p>\n\n\n\n<p>Vos donn\u00e9es de r\u00e9servation ne seront utilis\u00e9es \u00e0 des fins de marketing direct (p. ex. envoi de newsletters) que si vous nous avez donn\u00e9 votre accord.<\/p>\n\n\n\n<p>Vous trouverez de plus amples informations sur le traitement de vos donn\u00e9es par Zermatt Tourisme ou Bonfire AG dans la d\u00e9claration de protection des donn\u00e9es de Zermatt Tourisme :<\/p>\n\n\n\n<p><a href=\"https:\/\/www.zermatt.ch\/Media\/Datenschutzerklaerung-Zermatt-Tourismus\">https:\/\/www.zermatt.ch\/Media\/Datenschutzerklaerung-Zermatt-Tourismus<\/a>.<\/p>\n\n\n\n<h2 class=\"wp-block-heading\">DROIT D&rsquo;INFORMATION ET DE R\u00c9TRACTATION<\/h2>\n\n\n\n<p>Vous pouvez obtenir \u00e0 tout moment et gratuitement des informations sur les donn\u00e9es que nous avons enregistr\u00e9es, sans avoir \u00e0 vous justifier. Vous pouvez \u00e0 tout moment faire bloquer, corriger ou supprimer les donn\u00e9es que nous avons collect\u00e9es et vous opposer \u00e0 la collecte et au stockage de donn\u00e9es anonymes ou pseudonymes \u00e0 des fins d&rsquo;optimisation de notre site web. Vous pouvez \u00e9galement r\u00e9voquer \u00e0 tout moment le consentement que vous nous avez donn\u00e9 pour la collecte et l&rsquo;utilisation des donn\u00e9es sans avoir \u00e0 vous justifier. Pour ce faire, veuillez vous adresser \u00e0 info@www.hotelalexzermatt.com. Nous nous tenons \u00e0 votre disposition pour toute question suppl\u00e9mentaire concernant nos indications sur la protection des donn\u00e9es et le traitement de vos donn\u00e9es personnelles. Veuillez noter que les dispositions et les pratiques en mati\u00e8re de protection des donn\u00e9es, par exemple celles de Google, peuvent changer en permanence. Il est donc conseill\u00e9 et n\u00e9cessaire de s&rsquo;informer en permanence des modifications des dispositions l\u00e9gales et des pratiques des entreprises, par exemple Google.<\/p>\n\n\n\n<h2 class=\"wp-block-heading\">TOUJOURS DES QUESTIONS OU DES DOUTES ?<\/h2>\n\n\n\n<p>Votre confiance est importante pour nous. C&rsquo;est pourquoi nous souhaitons \u00eatre \u00e0 votre disposition pour le traitement de vos donn\u00e9es personnelles. Si vous avez des questions auxquelles cette d\u00e9claration de confidentialit\u00e9 n&rsquo;a pas r\u00e9pondu, n&rsquo;h\u00e9sitez pas \u00e0 nous contacter par e-mail \u00e0 info@hotelalexzermatt.com.<\/p>\n","protected":false},"excerpt":{"rendered":"<p>Toutes les questions relatives \u00e0 la protection des donn\u00e9es nous tiennent \u00e0 c\u0153ur, c&rsquo;est pourquoi vous trouverez ci-dessous les informations relatives \u00e0 votre protection personnelle des donn\u00e9es. G\u00c9N\u00c9RAL La pr\u00e9sente d\u00e9claration de protection des donn\u00e9es informe les utilisateurs sur la nature, l&rsquo;\u00e9tendue et les finalit\u00e9s de la collecte et de l&rsquo;utilisation des donn\u00e9es personnelles par [&hellip;]<\/p>\n","protected":false},"author":1,"featured_media":0,"parent":0,"menu_order":0,"comment_status":"closed","ping_status":"closed","template":"page-templates\/page-legal.php","meta":{"_acf_changed":false,"footnotes":""},"class_list":["post-1696","page","type-page","status-publish","hentry"],"acf":[],"yoast_head":"<!-- This site is optimized with the Yoast SEO plugin v27.3 - https:\/\/yoast.com\/product\/yoast-seo-wordpress\/ -->\n<title>Politique de Confidentialit\u00e9 \u2013 Alex Alpine Resort<\/title>\n<meta name=\"description\" content=\"D\u00e9couvrez comment le Alex Alpine Resort prot\u00e8ge vos donn\u00e9es. Notre politique de confidentialit\u00e9 garantit un s\u00e9jour s\u00e9curis\u00e9.\" \/>\n<meta name=\"robots\" content=\"index, follow, max-snippet:-1, max-image-preview:large, max-video-preview:-1\" \/>\n<link rel=\"canonical\" href=\"https:\/\/www.hotelalexzermatt.com\/fr\/protection-des-donnees\/\" \/>\n<meta property=\"og:locale\" content=\"fr_FR\" \/>\n<meta property=\"og:type\" content=\"article\" \/>\n<meta property=\"og:title\" content=\"Politique de Confidentialit\u00e9 \u2013 Alex Alpine Resort\" \/>\n<meta property=\"og:description\" content=\"D\u00e9couvrez comment le Alex Alpine Resort prot\u00e8ge vos donn\u00e9es. Notre politique de confidentialit\u00e9 garantit un s\u00e9jour s\u00e9curis\u00e9.\" \/>\n<meta property=\"og:url\" content=\"https:\/\/www.hotelalexzermatt.com\/fr\/protection-des-donnees\/\" \/>\n<meta property=\"og:site_name\" content=\"Alex Alpine Resort\" \/>\n<meta property=\"article:modified_time\" content=\"2026-03-13T07:50:25+00:00\" \/>\n<meta name=\"twitter:card\" content=\"summary_large_image\" \/>\n<meta name=\"twitter:label1\" content=\"Dur\u00e9e de lecture estim\u00e9e\" \/>\n\t<meta name=\"twitter:data1\" content=\"9 minutes\" \/>\n<script type=\"application\/ld+json\" class=\"yoast-schema-graph\">{\"@context\":\"https:\\\/\\\/schema.org\",\"@graph\":[{\"@type\":\"WebPage\",\"@id\":\"https:\\\/\\\/www.hotelalexzermatt.com\\\/fr\\\/protection-des-donnees\\\/\",\"url\":\"https:\\\/\\\/www.hotelalexzermatt.com\\\/fr\\\/protection-des-donnees\\\/\",\"name\":\"Politique de Confidentialit\u00e9 \u2013 Alex Alpine Resort\",\"isPartOf\":{\"@id\":\"https:\\\/\\\/www.hotelalexzermatt.com\\\/fr\\\/#website\"},\"datePublished\":\"2023-10-26T12:54:25+00:00\",\"dateModified\":\"2026-03-13T07:50:25+00:00\",\"description\":\"D\u00e9couvrez comment le Alex Alpine Resort prot\u00e8ge vos donn\u00e9es. Notre politique de confidentialit\u00e9 garantit un s\u00e9jour s\u00e9curis\u00e9.\",\"breadcrumb\":{\"@id\":\"https:\\\/\\\/www.hotelalexzermatt.com\\\/fr\\\/protection-des-donnees\\\/#breadcrumb\"},\"inLanguage\":\"fr-FR\",\"potentialAction\":[{\"@type\":\"ReadAction\",\"target\":[\"https:\\\/\\\/www.hotelalexzermatt.com\\\/fr\\\/protection-des-donnees\\\/\"]}]},{\"@type\":\"BreadcrumbList\",\"@id\":\"https:\\\/\\\/www.hotelalexzermatt.com\\\/fr\\\/protection-des-donnees\\\/#breadcrumb\",\"itemListElement\":[{\"@type\":\"ListItem\",\"position\":1,\"name\":\"Home\",\"item\":\"https:\\\/\\\/www.hotelalexzermatt.com\\\/fr\\\/\"},{\"@type\":\"ListItem\",\"position\":2,\"name\":\"Note sur la protection des donn\u00e9es\"}]},{\"@type\":\"WebSite\",\"@id\":\"https:\\\/\\\/www.hotelalexzermatt.com\\\/fr\\\/#website\",\"url\":\"https:\\\/\\\/www.hotelalexzermatt.com\\\/fr\\\/\",\"name\":\"Alex Alpine Resort\",\"description\":\"(Staging)\",\"potentialAction\":[{\"@type\":\"SearchAction\",\"target\":{\"@type\":\"EntryPoint\",\"urlTemplate\":\"https:\\\/\\\/www.hotelalexzermatt.com\\\/fr\\\/?s={search_term_string}\"},\"query-input\":{\"@type\":\"PropertyValueSpecification\",\"valueRequired\":true,\"valueName\":\"search_term_string\"}}],\"inLanguage\":\"fr-FR\"}]}<\/script>\n<!-- \/ Yoast SEO plugin. -->","yoast_head_json":{"title":"Politique de Confidentialit\u00e9 \u2013 Alex Alpine Resort","description":"D\u00e9couvrez comment le Alex Alpine Resort prot\u00e8ge vos donn\u00e9es. Notre politique de confidentialit\u00e9 garantit un s\u00e9jour s\u00e9curis\u00e9.","robots":{"index":"index","follow":"follow","max-snippet":"max-snippet:-1","max-image-preview":"max-image-preview:large","max-video-preview":"max-video-preview:-1"},"canonical":"https:\/\/www.hotelalexzermatt.com\/fr\/protection-des-donnees\/","og_locale":"fr_FR","og_type":"article","og_title":"Politique de Confidentialit\u00e9 \u2013 Alex Alpine Resort","og_description":"D\u00e9couvrez comment le Alex Alpine Resort prot\u00e8ge vos donn\u00e9es. Notre politique de confidentialit\u00e9 garantit un s\u00e9jour s\u00e9curis\u00e9.","og_url":"https:\/\/www.hotelalexzermatt.com\/fr\/protection-des-donnees\/","og_site_name":"Alex Alpine Resort","article_modified_time":"2026-03-13T07:50:25+00:00","twitter_card":"summary_large_image","twitter_misc":{"Dur\u00e9e de lecture estim\u00e9e":"9 minutes"},"schema":{"@context":"https:\/\/schema.org","@graph":[{"@type":"WebPage","@id":"https:\/\/www.hotelalexzermatt.com\/fr\/protection-des-donnees\/","url":"https:\/\/www.hotelalexzermatt.com\/fr\/protection-des-donnees\/","name":"Politique de Confidentialit\u00e9 \u2013 Alex Alpine Resort","isPartOf":{"@id":"https:\/\/www.hotelalexzermatt.com\/fr\/#website"},"datePublished":"2023-10-26T12:54:25+00:00","dateModified":"2026-03-13T07:50:25+00:00","description":"D\u00e9couvrez comment le Alex Alpine Resort prot\u00e8ge vos donn\u00e9es. Notre politique de confidentialit\u00e9 garantit un s\u00e9jour s\u00e9curis\u00e9.","breadcrumb":{"@id":"https:\/\/www.hotelalexzermatt.com\/fr\/protection-des-donnees\/#breadcrumb"},"inLanguage":"fr-FR","potentialAction":[{"@type":"ReadAction","target":["https:\/\/www.hotelalexzermatt.com\/fr\/protection-des-donnees\/"]}]},{"@type":"BreadcrumbList","@id":"https:\/\/www.hotelalexzermatt.com\/fr\/protection-des-donnees\/#breadcrumb","itemListElement":[{"@type":"ListItem","position":1,"name":"Home","item":"https:\/\/www.hotelalexzermatt.com\/fr\/"},{"@type":"ListItem","position":2,"name":"Note sur la protection des donn\u00e9es"}]},{"@type":"WebSite","@id":"https:\/\/www.hotelalexzermatt.com\/fr\/#website","url":"https:\/\/www.hotelalexzermatt.com\/fr\/","name":"Alex Alpine Resort","description":"(Staging)","potentialAction":[{"@type":"SearchAction","target":{"@type":"EntryPoint","urlTemplate":"https:\/\/www.hotelalexzermatt.com\/fr\/?s={search_term_string}"},"query-input":{"@type":"PropertyValueSpecification","valueRequired":true,"valueName":"search_term_string"}}],"inLanguage":"fr-FR"}]}},"_links":{"self":[{"href":"https:\/\/www.hotelalexzermatt.com\/fr\/wp-json\/wp\/v2\/pages\/1696","targetHints":{"allow":["GET"]}}],"collection":[{"href":"https:\/\/www.hotelalexzermatt.com\/fr\/wp-json\/wp\/v2\/pages"}],"about":[{"href":"https:\/\/www.hotelalexzermatt.com\/fr\/wp-json\/wp\/v2\/types\/page"}],"author":[{"embeddable":true,"href":"https:\/\/www.hotelalexzermatt.com\/fr\/wp-json\/wp\/v2\/users\/1"}],"replies":[{"embeddable":true,"href":"https:\/\/www.hotelalexzermatt.com\/fr\/wp-json\/wp\/v2\/comments?post=1696"}],"version-history":[{"count":3,"href":"https:\/\/www.hotelalexzermatt.com\/fr\/wp-json\/wp\/v2\/pages\/1696\/revisions"}],"predecessor-version":[{"id":5320,"href":"https:\/\/www.hotelalexzermatt.com\/fr\/wp-json\/wp\/v2\/pages\/1696\/revisions\/5320"}],"wp:attachment":[{"href":"https:\/\/www.hotelalexzermatt.com\/fr\/wp-json\/wp\/v2\/media?parent=1696"}],"curies":[{"name":"wp","href":"https:\/\/api.w.org\/{rel}","templated":true}]}}