{"id":1684,"date":"2023-09-13T17:48:48","date_gmt":"2023-09-13T15:48:48","guid":{"rendered":"https:\/\/www.hotelalexzermatt.com\/aufenthalt\/"},"modified":"2026-03-13T08:41:45","modified_gmt":"2026-03-13T07:41:45","slug":"sejour","status":"publish","type":"page","link":"https:\/\/www.hotelalexzermatt.com\/fr\/sejour\/","title":{"rendered":"S\u00e9jour"},"content":{"rendered":"","protected":false},"excerpt":{"rendered":"","protected":false},"author":2,"featured_media":0,"parent":0,"menu_order":0,"comment_status":"closed","ping_status":"closed","template":"page-templates\/page-stay.php","meta":{"_acf_changed":false,"footnotes":""},"class_list":["post-1684","page","type-page","status-publish","hentry"],"acf":[],"yoast_head":"<!-- This site is optimized with the Yoast SEO plugin v27.3 - https:\/\/yoast.com\/product\/yoast-seo-wordpress\/ -->\n<title>Alex Alpine Resort \u2013 Spa &amp; Sports<\/title>\n<meta name=\"description\" content=\"Vivez un confort exclusif dans les chambres du Alex Alpine Resort \u2013 Spa &amp; Sports. Id\u00e9al pour s\u00e9minaires et s\u00e9jours relaxants dans les Alpes.\" \/>\n<meta name=\"robots\" content=\"index, follow, max-snippet:-1, max-image-preview:large, max-video-preview:-1\" \/>\n<link rel=\"canonical\" href=\"https:\/\/www.hotelalexzermatt.com\/fr\/sejour\/\" \/>\n<meta property=\"og:locale\" content=\"fr_FR\" \/>\n<meta property=\"og:type\" content=\"article\" \/>\n<meta property=\"og:title\" content=\"Alex Alpine Resort \u2013 Spa &amp; Sports\" \/>\n<meta property=\"og:description\" content=\"Vivez un confort exclusif dans les chambres du Alex Alpine Resort \u2013 Spa &amp; Sports. Id\u00e9al pour s\u00e9minaires et s\u00e9jours relaxants dans les Alpes.\" \/>\n<meta property=\"og:url\" content=\"https:\/\/www.hotelalexzermatt.com\/fr\/sejour\/\" \/>\n<meta property=\"og:site_name\" content=\"Alex Alpine Resort\" \/>\n<meta property=\"article:modified_time\" content=\"2026-03-13T07:41:45+00:00\" \/>\n<meta name=\"twitter:card\" content=\"summary_large_image\" \/>\n<meta name=\"twitter:label1\" content=\"Dur\u00e9e de lecture estim\u00e9e\" \/>\n\t<meta name=\"twitter:data1\" content=\"2 minutes\" \/>\n<script type=\"application\/ld+json\" class=\"yoast-schema-graph\">{\"@context\":\"https:\\\/\\\/schema.org\",\"@graph\":[{\"@type\":\"WebPage\",\"@id\":\"https:\\\/\\\/www.hotelalexzermatt.com\\\/fr\\\/sejour\\\/\",\"url\":\"https:\\\/\\\/www.hotelalexzermatt.com\\\/fr\\\/sejour\\\/\",\"name\":\"Alex Alpine Resort \u2013 Spa & Sports\",\"isPartOf\":{\"@id\":\"https:\\\/\\\/www.hotelalexzermatt.com\\\/fr\\\/#website\"},\"datePublished\":\"2023-09-13T15:48:48+00:00\",\"dateModified\":\"2026-03-13T07:41:45+00:00\",\"description\":\"Vivez un confort exclusif dans les chambres du Alex Alpine Resort \u2013 Spa & Sports. Id\u00e9al pour s\u00e9minaires et s\u00e9jours relaxants dans les Alpes.\",\"breadcrumb\":{\"@id\":\"https:\\\/\\\/www.hotelalexzermatt.com\\\/fr\\\/sejour\\\/#breadcrumb\"},\"inLanguage\":\"fr-FR\",\"potentialAction\":[{\"@type\":\"ReadAction\",\"target\":[\"https:\\\/\\\/www.hotelalexzermatt.com\\\/fr\\\/sejour\\\/\"]}]},{\"@type\":\"BreadcrumbList\",\"@id\":\"https:\\\/\\\/www.hotelalexzermatt.com\\\/fr\\\/sejour\\\/#breadcrumb\",\"itemListElement\":[{\"@type\":\"ListItem\",\"position\":1,\"name\":\"Home\",\"item\":\"https:\\\/\\\/www.hotelalexzermatt.com\\\/fr\\\/\"},{\"@type\":\"ListItem\",\"position\":2,\"name\":\"S\u00e9jour\"}]},{\"@type\":\"WebSite\",\"@id\":\"https:\\\/\\\/www.hotelalexzermatt.com\\\/fr\\\/#website\",\"url\":\"https:\\\/\\\/www.hotelalexzermatt.com\\\/fr\\\/\",\"name\":\"Alex Alpine Resort\",\"description\":\"(Staging)\",\"potentialAction\":[{\"@type\":\"SearchAction\",\"target\":{\"@type\":\"EntryPoint\",\"urlTemplate\":\"https:\\\/\\\/www.hotelalexzermatt.com\\\/fr\\\/?s={search_term_string}\"},\"query-input\":{\"@type\":\"PropertyValueSpecification\",\"valueRequired\":true,\"valueName\":\"search_term_string\"}}],\"inLanguage\":\"fr-FR\"}]}<\/script>\n<!-- \/ Yoast SEO plugin. -->","yoast_head_json":{"title":"Alex Alpine Resort \u2013 Spa & Sports","description":"Vivez un confort exclusif dans les chambres du Alex Alpine Resort \u2013 Spa & Sports. Id\u00e9al pour s\u00e9minaires et s\u00e9jours relaxants dans les Alpes.","robots":{"index":"index","follow":"follow","max-snippet":"max-snippet:-1","max-image-preview":"max-image-preview:large","max-video-preview":"max-video-preview:-1"},"canonical":"https:\/\/www.hotelalexzermatt.com\/fr\/sejour\/","og_locale":"fr_FR","og_type":"article","og_title":"Alex Alpine Resort \u2013 Spa & Sports","og_description":"Vivez un confort exclusif dans les chambres du Alex Alpine Resort \u2013 Spa & Sports. Id\u00e9al pour s\u00e9minaires et s\u00e9jours relaxants dans les Alpes.","og_url":"https:\/\/www.hotelalexzermatt.com\/fr\/sejour\/","og_site_name":"Alex Alpine Resort","article_modified_time":"2026-03-13T07:41:45+00:00","twitter_card":"summary_large_image","twitter_misc":{"Dur\u00e9e de lecture estim\u00e9e":"2 minutes"},"schema":{"@context":"https:\/\/schema.org","@graph":[{"@type":"WebPage","@id":"https:\/\/www.hotelalexzermatt.com\/fr\/sejour\/","url":"https:\/\/www.hotelalexzermatt.com\/fr\/sejour\/","name":"Alex Alpine Resort \u2013 Spa & Sports","isPartOf":{"@id":"https:\/\/www.hotelalexzermatt.com\/fr\/#website"},"datePublished":"2023-09-13T15:48:48+00:00","dateModified":"2026-03-13T07:41:45+00:00","description":"Vivez un confort exclusif dans les chambres du Alex Alpine Resort \u2013 Spa & Sports. Id\u00e9al pour s\u00e9minaires et s\u00e9jours relaxants dans les Alpes.","breadcrumb":{"@id":"https:\/\/www.hotelalexzermatt.com\/fr\/sejour\/#breadcrumb"},"inLanguage":"fr-FR","potentialAction":[{"@type":"ReadAction","target":["https:\/\/www.hotelalexzermatt.com\/fr\/sejour\/"]}]},{"@type":"BreadcrumbList","@id":"https:\/\/www.hotelalexzermatt.com\/fr\/sejour\/#breadcrumb","itemListElement":[{"@type":"ListItem","position":1,"name":"Home","item":"https:\/\/www.hotelalexzermatt.com\/fr\/"},{"@type":"ListItem","position":2,"name":"S\u00e9jour"}]},{"@type":"WebSite","@id":"https:\/\/www.hotelalexzermatt.com\/fr\/#website","url":"https:\/\/www.hotelalexzermatt.com\/fr\/","name":"Alex Alpine Resort","description":"(Staging)","potentialAction":[{"@type":"SearchAction","target":{"@type":"EntryPoint","urlTemplate":"https:\/\/www.hotelalexzermatt.com\/fr\/?s={search_term_string}"},"query-input":{"@type":"PropertyValueSpecification","valueRequired":true,"valueName":"search_term_string"}}],"inLanguage":"fr-FR"}]}},"_links":{"self":[{"href":"https:\/\/www.hotelalexzermatt.com\/fr\/wp-json\/wp\/v2\/pages\/1684","targetHints":{"allow":["GET"]}}],"collection":[{"href":"https:\/\/www.hotelalexzermatt.com\/fr\/wp-json\/wp\/v2\/pages"}],"about":[{"href":"https:\/\/www.hotelalexzermatt.com\/fr\/wp-json\/wp\/v2\/types\/page"}],"author":[{"embeddable":true,"href":"https:\/\/www.hotelalexzermatt.com\/fr\/wp-json\/wp\/v2\/users\/2"}],"replies":[{"embeddable":true,"href":"https:\/\/www.hotelalexzermatt.com\/fr\/wp-json\/wp\/v2\/comments?post=1684"}],"version-history":[{"count":16,"href":"https:\/\/www.hotelalexzermatt.com\/fr\/wp-json\/wp\/v2\/pages\/1684\/revisions"}],"predecessor-version":[{"id":3996,"href":"https:\/\/www.hotelalexzermatt.com\/fr\/wp-json\/wp\/v2\/pages\/1684\/revisions\/3996"}],"wp:attachment":[{"href":"https:\/\/www.hotelalexzermatt.com\/fr\/wp-json\/wp\/v2\/media?parent=1684"}],"curies":[{"name":"wp","href":"https:\/\/api.w.org\/{rel}","templated":true}]}}